{"id":1485,"date":"2024-02-09T13:17:46","date_gmt":"2024-02-09T20:17:46","guid":{"rendered":"https:\/\/azcces.info\/?page_id=1485"},"modified":"2024-08-20T11:17:09","modified_gmt":"2024-08-20T18:17:09","slug":"las-familias-comienzan-aqui","status":"publish","type":"page","link":"https:\/\/azcces.info\/index.php\/las-familias-comienzan-aqui\/","title":{"rendered":"Las Familias Empiezan Aqu\u00ed"},"content":{"rendered":"\n<div style=\"height:32px\" aria-hidden=\"true\" class=\"wp-block-spacer\"><\/div>\n\n\n\n<h3 class=\"wp-block-heading has-text-align-center\"><strong>\u00a1Bienvenido al Sistema Electr\u00f3nico de Cuidado Infantil de Arizona (CCES)!<\/strong><\/h3>\n\n\n\n<hr class=\"wp-block-separator has-alpha-channel-opacity is-style-wide\"\/>\n\n\n\n<div class=\"wp-block-columns is-layout-flex wp-container-core-columns-is-layout-9d6595d7 wp-block-columns-is-layout-flex\">\n<div class=\"wp-block-column is-layout-flow wp-block-column-is-layout-flow\" style=\"flex-basis:66.66%\">\n<p><font style=\"vertical-align: inherit;\"><font style=\"vertical-align: inherit;\">\u00a1Sabemos que los padres de hoy viven en una era digital! A trav\u00e9s de la modernizaci\u00f3n de la tecnolog\u00eda y el Sistema Electr\u00f3nico de Cuidado Infantil, DES ayudar\u00e1 a las familias a estar mejor equipadas para comunicarse directamente con su proveedor de cuidado infantil, buscar opciones de cuidado infantil entre una amplia gama de opciones disponibles y herramientas de comunicaci\u00f3n mejoradas. En el estado futuro de CCES, las familias tendr\u00e1n acceso integral a recursos, incluyendo asistencia financiera, servicios especiales y m\u00e1s, para satisfacer sus necesidades de educaci\u00f3n y cuidado de la primera infancia.<\/font><\/font><\/p>\n\n\n\n<h2 class=\"wp-block-heading\"><strong><span style=\"font-size: 19px;text-decoration: underline;\">Comience siguiendo los pasos a continuaci\u00f3n:<\/span><\/strong><\/h2>\n\n\n\n<input type=\"checkbox\" style=\"float: left\"><h4><strong><span style=\"font-size: 19px;\">&nbsp&nbsp&nbsp&nbsp1. &nbspIntroducci\u00f3n<\/strong><\/h4><\/span><\/input>\n\n\n\n<figure class=\"wp-block-embed aligncenter is-type-video is-provider-vimeo wp-block-embed-vimeo wp-embed-aspect-16-9 wp-has-aspect-ratio\"><div class=\"wp-block-embed__wrapper\">\n<iframe title=\"CCES para Adultos Responsables\" src=\"https:\/\/player.vimeo.com\/video\/996291307?h=2dcca6ffee&amp;dnt=1&amp;app_id=122963\" width=\"640\" height=\"360\" frameborder=\"0\" allow=\"autoplay; fullscreen; picture-in-picture; clipboard-write; encrypted-media; web-share\" referrerpolicy=\"strict-origin-when-cross-origin\"><\/iframe>\n<\/div><\/figure>\n\n\n\n<p><\/p>\n\n\n\n<input type=\"checkbox\"style=\"float: left\"><h4><strong><span style=\"font-size: 19px;\">&nbsp&nbsp&nbsp&nbsp2. &nbspRegistro de Adulto Responsable <\/strong><\/h4><\/span><p><span style=\"font-size: 16px;\">Su proveedor le entregar\u00e1 un formulario de registro de KinderSmart con su nombre. Cada adulto responsable tiene un formulario de inscripci\u00f3n de KinderSmart exclusivo. Este c\u00f3digo registrar\u00e1 solo la informaci\u00f3n de los ni\u00f1os por los que el adulto responsable tenga autorizaci\u00f3n de grabar asistencia. Aseg\u00farese de escanear solo el formulario con su nombre y la informaci\u00f3n de su proveedor.<\/p><\/span><\/input>\n\n\n<div class=\"wp-block-image\">\n<figure class=\"aligncenter size-full is-resized\"><img fetchpriority=\"high\" decoding=\"async\" width=\"1280\" height=\"720\" src=\"https:\/\/azcces.info\/wp-content\/uploads\/2024\/08\/KS-Thumbnail-2-1.png\" alt=\"\" class=\"wp-image-2627\" style=\"width:549px;height:auto\" srcset=\"https:\/\/azcces.info\/wp-content\/uploads\/2024\/08\/KS-Thumbnail-2-1.png 1280w, https:\/\/azcces.info\/wp-content\/uploads\/2024\/08\/KS-Thumbnail-2-1-300x169.png 300w, https:\/\/azcces.info\/wp-content\/uploads\/2024\/08\/KS-Thumbnail-2-1-1024x576.png 1024w, https:\/\/azcces.info\/wp-content\/uploads\/2024\/08\/KS-Thumbnail-2-1-768x432.png 768w\" sizes=\"(max-width: 1280px) 100vw, 1280px\" \/><\/figure>\n<\/div>\n\n\n<div class=\"wp-block-group\"><div class=\"wp-block-group__inner-container is-layout-constrained wp-block-group-is-layout-constrained\">\n<input type=\"checkbox\"style=\"float: left\"><h4><strong><span style=\"font-size: 19px;\">&nbsp&nbsp&nbsp&nbsp3. &nbspDescargue KinderSmart Arizona  y Escanee el Codigo QR<\/strong><\/h4><\/span><\/input><\/span><p><span style=\"font-size: 16px;\">Cuando vea el menu de actividades en KinderSmart, est\u00e1 registrado y listo para ingresar la asistencia de su hijo con su tel\u00e9fono m\u00f3vil.<br><\/p><\/span>\n<\/div><\/div>\n\n\n\n<figure class=\"wp-block-embed aligncenter is-type-video is-provider-vimeo wp-block-embed-vimeo wp-embed-aspect-16-9 wp-has-aspect-ratio\"><div class=\"wp-block-embed__wrapper\">\n<iframe title=\"Descargar y Registrar KinderSmart en su Tel\u00e9fono M\u00f3vil\" src=\"https:\/\/player.vimeo.com\/video\/996297455?h=b344f3dba9&amp;dnt=1&amp;app_id=122963\" width=\"640\" height=\"360\" frameborder=\"0\" allow=\"autoplay; fullscreen; picture-in-picture; clipboard-write; encrypted-media; web-share\" referrerpolicy=\"strict-origin-when-cross-origin\"><\/iframe>\n<\/div><\/figure>\n\n\n\n<p class=\"has-text-align-center\" style=\"font-size:14px\"><span style=\"font-size: 16px;\"><a href=\"https:\/\/azcces.info\/wp-content\/uploads\/2024\/02\/KSmart-QRC-Sponsor-registration-to-Android-Phone-AZ-Sp0224-1.pdf\" data-type=\"link\" data-id=\"https:\/\/azcces.info\/wp-content\/uploads\/2024\/02\/KSmart-QRC-Sponsor-registration-to-Android-Phone-AZ-Sp0224-1.pdf\" target=\"_blank\" rel=\"noreferrer noopener\">Descarga y registro de KinderSmart en su tel\u00e9fono m\u00f3vil (usuarios de Android)<\/a><\/span><\/p>\n\n\n\n<p class=\"has-text-align-center\" style=\"font-size:14px\"><span style=\"font-size: 16px;\"><a href=\"https:\/\/azcces.info\/wp-content\/uploads\/2024\/02\/KSmart-QRC-Sponsor-registration-to-iPhone-AZ-Sp0224-1.pdf\" data-type=\"link\" data-id=\"https:\/\/azcces.info\/wp-content\/uploads\/2024\/02\/KSmart-QRC-Sponsor-registration-to-iPhone-AZ-Sp0224-1.pdf\" target=\"_blank\" rel=\"noreferrer noopener\"><span style=\"font-size: 16px;\"> <\/span>Descarga y registro de KinderSmart en su tel\u00e9fono m\u00f3vil (usuarios de iPhone)<\/a><\/span><\/p>\n\n\n\n<details class=\"wp-block-details has-medium-font-size is-layout-flow wp-block-details-is-layout-flow\"><summary>Registracion a KinderSign (Para Adultos Responsables que usan la tableta del Proveedor) <\/summary>\n<p class=\"has-small-font-size\">Este paso es solo para Adultos Responsables que asisten a un Proveedor que ya tiene una tableta personal registrada en KinderSign y esta lista para ser utilizada.<\/p>\n\n\n\n<figure class=\"wp-block-embed aligncenter is-type-video is-provider-vimeo wp-block-embed-vimeo wp-embed-aspect-16-9 wp-has-aspect-ratio\"><div class=\"wp-block-embed__wrapper\">\n<iframe title=\"Registro del Adulto Responsable en KinderSign\" src=\"https:\/\/player.vimeo.com\/video\/1000872168?h=96998686af&amp;dnt=1&amp;app_id=122963\" width=\"640\" height=\"360\" frameborder=\"0\" allow=\"autoplay; fullscreen; picture-in-picture; clipboard-write; encrypted-media; web-share\" referrerpolicy=\"strict-origin-when-cross-origin\"><\/iframe>\n<\/div><\/figure>\n\n\n\n<p class=\"has-text-align-center has-small-font-size\"><a href=\"https:\/\/azcces.info\/wp-content\/uploads\/2024\/02\/KSign-QRC-Create-Sponsor-PIN-and-Secret-Question-AZ-Sp0623.pdf\" data-type=\"attachment\" data-id=\"1554\" target=\"_blank\" rel=\"noreferrer noopener\">C\u00f3mo Crear un PIN y Pregunta\/Respuesta Secreta para un Padre\/Adulto Responsable<\/a><\/p>\n<\/details>\n\n\n\n<p><\/p>\n\n\n\n<input type=\"checkbox\" style=\"float: left\"><h4><strong><span style=\"font-size: 19px;\">&nbsp&nbsp&nbsp&nbsp4. &nbspIngresar asistencia<\/strong><\/h4><\/span>\n\n\n\n<figure class=\"wp-block-embed aligncenter is-type-video is-provider-vimeo wp-block-embed-vimeo wp-embed-aspect-16-9 wp-has-aspect-ratio\"><div class=\"wp-block-embed__wrapper\">\n<iframe title=\"Registro de Entrada de Ni\u00f1os en KinderSmart\" src=\"https:\/\/player.vimeo.com\/video\/996303894?h=ff6e694c09&amp;dnt=1&amp;app_id=122963\" width=\"640\" height=\"360\" frameborder=\"0\" allow=\"autoplay; fullscreen; picture-in-picture; clipboard-write; encrypted-media; web-share\" referrerpolicy=\"strict-origin-when-cross-origin\"><\/iframe>\n<\/div><\/figure>\n\n\n\n<div class=\"wp-block-columns is-layout-flex wp-container-core-columns-is-layout-9d6595d7 wp-block-columns-is-layout-flex\">\n<div class=\"wp-block-column is-vertically-aligned-center is-layout-flow wp-block-column-is-layout-flow\">\n<p class=\"has-text-align-center\" style=\"font-size:14px\"><span style=\"font-size: 16px;\"><a href=\"https:\/\/azcces.info\/wp-content\/uploads\/2024\/02\/KSmart-QRC-Signing-Children-In-and-Out-AZ-Sp0224.pdf\" data-type=\"link\" data-id=\"https:\/\/azcces.info\/wp-content\/uploads\/2024\/02\/KSmart-QRC-Signing-Children-In-and-Out-AZ-Sp0224.pdf\" target=\"_blank\" rel=\"noreferrer noopener\">Ingresar asistencia<\/a><\/span><\/p>\n<\/div>\n<\/div>\n\n\n\n<figure class=\"wp-block-embed aligncenter is-type-video is-provider-vimeo wp-block-embed-vimeo wp-embed-aspect-16-9 wp-has-aspect-ratio\"><div class=\"wp-block-embed__wrapper\">\n<iframe title=\"Retrodecer Transacciones\" src=\"https:\/\/player.vimeo.com\/video\/997758379?h=6e4ab58f4b&amp;dnt=1&amp;app_id=122963\" width=\"640\" height=\"360\" frameborder=\"0\" allow=\"autoplay; fullscreen; picture-in-picture; clipboard-write; encrypted-media; web-share\" referrerpolicy=\"strict-origin-when-cross-origin\"><\/iframe>\n<\/div><\/figure>\n\n\n\n<p class=\"has-text-align-center\" style=\"font-size:14px\"><a href=\"https:\/\/azcces.info\/wp-content\/uploads\/2024\/02\/KSmart-QRC-How-to-Backdate-Transactions-AZ-Sp0224.pdf\" data-type=\"attachment\" data-id=\"1578\">Retrodecer Transacciones<\/a><\/p>\n\n\n\n<input type=\"checkbox\" style=\"float: left\"><h4><strong><span style=\"font-size: 19px;\">&nbsp&nbsp&nbsp&nbsp5. &nbspOtras opciones del men\u00fa de KinderSmart:\u200b\u200b<\/strong><\/h4><\/span>\n\n\n\n<div class=\"wp-block-columns is-layout-flex wp-container-core-columns-is-layout-9d6595d7 wp-block-columns-is-layout-flex\">\n<div class=\"wp-block-column is-vertically-aligned-center is-layout-flow wp-block-column-is-layout-flow\">\n<ul class=\"wp-block-list\">\n<li><span style=\"font-size: 16px;\"><a href=\"https:\/\/azcces.info\/wp-content\/uploads\/2024\/02\/KSmart-QRC-Signing-Children-In-and-Out-AZ-Sp0224.pdf\" data-type=\"link\" data-id=\"https:\/\/azcces.info\/wp-content\/uploads\/2024\/02\/KSmart-QRC-Signing-Children-In-and-Out-AZ-Sp0224.pdf\" target=\"_blank\" rel=\"noreferrer noopener\">Ingresar ausencias<\/a><\/span><\/li>\n\n\n\n<li><span style=\"font-size: 16px;\"><a href=\"https:\/\/azcces.info\/wp-content\/uploads\/2024\/02\/KSmart-QRC-How-to-Review-Case-Authorizations-Information-AZ-Sp0224.pdf\" data-type=\"link\" data-id=\"https:\/\/azcces.info\/wp-content\/uploads\/2024\/02\/KSmart-QRC-How-to-Review-Case-Authorizations-Information-AZ-Sp0224.pdf\" target=\"_blank\" rel=\"noreferrer noopener\">Ver informaci\u00f3n del caso<\/a><\/span><\/li>\n\n\n\n<li><span style=\"font-size: 16px;\"><a href=\"https:\/\/azcces.info\/wp-content\/uploads\/2024\/02\/KSmart-QRC-Messages-AZ-Sp0224.pdf\" data-type=\"link\" data-id=\"https:\/\/azcces.info\/wp-content\/uploads\/2024\/02\/KSmart-QRC-Messages-AZ-Sp0224.pdf\" target=\"_blank\" rel=\"noreferrer noopener\">Ver mensajes<\/a><\/span><\/li>\n\n\n\n<li><span style=\"font-size: 16px;\"><a href=\"https:\/\/azcces.info\/wp-content\/uploads\/2024\/02\/KSmart-QRC-How-to-Approve-Attendance-Transactions-AZ-Sp0224.pdf\" data-type=\"link\" data-id=\"https:\/\/azcces.info\/wp-content\/uploads\/2024\/02\/KSmart-QRC-How-to-Approve-Attendance-Transactions-AZ-Sp0224.pdf\" target=\"_blank\" rel=\"noreferrer noopener\">Ver transacciones<\/a><\/span><\/li>\n<\/ul>\n<\/div>\n<\/div>\n\n\n\n<p><\/p>\n<\/div>\n\n\n\n<div class=\"wp-block-column is-layout-flow wp-block-column-is-layout-flow\" style=\"flex-basis:33.33%\">\n<p>Llame al 833-859-3433 o env\u00edenos un correo electr\u00f3nico a&nbsp;&nbsp;<a href=\"mailto:SupportAZ@KinderSystems.com\">SupportAZ@KinderSystems.com<\/a>&nbsp;&nbsp;y uno de nuestros representantes estar\u00e1 encantado de ayudarle.&nbsp; El personal de apoyo est\u00e1 disponible desde las 6:00 a. m. hasta la medianoche, hora de monta\u00f1a, los 7 d\u00edas de la semana.<\/p>\n\n\n\n<figure class=\"wp-block-image size-large\"><img decoding=\"async\" width=\"423\" height=\"1024\" src=\"https:\/\/azcces.info\/wp-content\/uploads\/2021\/11\/art-art-materials-bright-743986-423x1024.jpg\" alt=\"\" class=\"wp-image-95\" srcset=\"https:\/\/azcces.info\/wp-content\/uploads\/2021\/11\/art-art-materials-bright-743986-423x1024.jpg 423w, https:\/\/azcces.info\/wp-content\/uploads\/2021\/11\/art-art-materials-bright-743986-124x300.jpg 124w, https:\/\/azcces.info\/wp-content\/uploads\/2021\/11\/art-art-materials-bright-743986-768x1857.jpg 768w, https:\/\/azcces.info\/wp-content\/uploads\/2021\/11\/art-art-materials-bright-743986-635x1536.jpg 635w, https:\/\/azcces.info\/wp-content\/uploads\/2021\/11\/art-art-materials-bright-743986-847x2048.jpg 847w, https:\/\/azcces.info\/wp-content\/uploads\/2021\/11\/art-art-materials-bright-743986-scaled.jpg 1059w\" sizes=\"(max-width: 423px) 100vw, 423px\" \/><\/figure>\n<\/div>\n<\/div>\n\n\n\n<div class=\"wp-block-group\"><div class=\"wp-block-group__inner-container is-layout-constrained wp-block-group-is-layout-constrained\">\n<div class=\"wp-block-columns is-not-stacked-on-mobile is-layout-flex wp-container-core-columns-is-layout-9d6595d7 wp-block-columns-is-layout-flex\"><\/div>\n<\/div><\/div>\n","protected":false},"excerpt":{"rendered":"\u00a1Bienvenido al Sistema Electr\u00f3nico de Cuidado Infantil de Arizona (CCES)! \u00a1Sabemos que los padres de hoy viven en una era digital! A trav\u00e9s de la modernizaci\u00f3n de la tecnolog\u00eda y el Sistema Electr\u00f3nico de Cuidado Infantil, DES ayudar\u00e1 a las &hellip; ","protected":false},"author":9,"featured_media":0,"parent":0,"menu_order":0,"comment_status":"closed","ping_status":"closed","template":"page-home.php","meta":{"footnotes":""},"class_list":["post-1485","page","type-page","status-publish","hentry"],"_links":{"self":[{"href":"https:\/\/azcces.info\/index.php\/wp-json\/wp\/v2\/pages\/1485","targetHints":{"allow":["GET"]}}],"collection":[{"href":"https:\/\/azcces.info\/index.php\/wp-json\/wp\/v2\/pages"}],"about":[{"href":"https:\/\/azcces.info\/index.php\/wp-json\/wp\/v2\/types\/page"}],"author":[{"embeddable":true,"href":"https:\/\/azcces.info\/index.php\/wp-json\/wp\/v2\/users\/9"}],"replies":[{"embeddable":true,"href":"https:\/\/azcces.info\/index.php\/wp-json\/wp\/v2\/comments?post=1485"}],"version-history":[{"count":42,"href":"https:\/\/azcces.info\/index.php\/wp-json\/wp\/v2\/pages\/1485\/revisions"}],"predecessor-version":[{"id":2629,"href":"https:\/\/azcces.info\/index.php\/wp-json\/wp\/v2\/pages\/1485\/revisions\/2629"}],"wp:attachment":[{"href":"https:\/\/azcces.info\/index.php\/wp-json\/wp\/v2\/media?parent=1485"}],"curies":[{"name":"wp","href":"https:\/\/api.w.org\/{rel}","templated":true}]}}