{"id":4327,"date":"2026-02-22T21:02:00","date_gmt":"2026-02-23T04:02:00","guid":{"rendered":"https:\/\/azcces.info\/?page_id=4327"},"modified":"2026-03-24T11:43:32","modified_gmt":"2026-03-24T18:43:32","slug":"ccms-help-center","status":"publish","type":"page","link":"https:\/\/azcces.info\/index.php\/ccms-help-center\/","title":{"rendered":"CCMS Help Center"},"content":{"rendered":"\t\t<div data-elementor-type=\"wp-page\" data-elementor-id=\"4327\" class=\"elementor elementor-4327\">\n\t\t\t\t\t\t<section class=\"elementor-section elementor-top-section elementor-element elementor-element-163783af elementor-section-height-min-height elementor-section-items-bottom elementor-section-stretched elementor-section-boxed elementor-section-height-default\" data-id=\"163783af\" data-element_type=\"section\" data-e-type=\"section\" data-settings=\"{&quot;stretch_section&quot;:&quot;section-stretched&quot;,&quot;background_background&quot;:&quot;classic&quot;}\">\n\t\t\t\t\t\t\t<div class=\"elementor-background-overlay\"><\/div>\n\t\t\t\t\t\t\t<div class=\"elementor-container elementor-column-gap-custom\">\n\t\t\t\t\t<div class=\"elementor-column elementor-col-100 elementor-top-column elementor-element elementor-element-1b1bdd60\" data-id=\"1b1bdd60\" data-element_type=\"column\" data-e-type=\"column\">\n\t\t\t<div class=\"elementor-widget-wrap elementor-element-populated\">\n\t\t\t\t\t\t<div class=\"elementor-element elementor-element-4b59173 thim-ekits-heading-text-left elementor-widget thim-ekits-heading elementor-widget-thim-heading\" data-id=\"4b59173\" data-element_type=\"widget\" data-e-type=\"widget\" data-widget_type=\"thim-heading.default\">\n\t\t\t\t<div class=\"elementor-widget-container\">\n\t\t\t\t\t<div class=\"sc_heading text-left clone_title\"><h1 class=\"title\">KinderConnect QRCs for KinderBridge (API)\/CCMS Providers <\/h1><div class=\"clone\">KinderConnect QRCs for KinderBridge (API)\/CCMS Providers<\/div><\/div>\t\t\t\t<\/div>\n\t\t\t\t<\/div>\n\t\t\t\t\t<\/div>\n\t\t<\/div>\n\t\t\t\t\t<\/div>\n\t\t<\/section>\n\t\t<div class=\"elementor-element elementor-element-7a3e6c3d e-flex e-con-boxed e-con e-parent\" data-id=\"7a3e6c3d\" data-element_type=\"container\" data-e-type=\"container\">\n\t\t\t\t\t<div class=\"e-con-inner\">\n\t\t<div class=\"elementor-element elementor-element-6842d8e1 e-con-full e-flex e-con e-child\" data-id=\"6842d8e1\" data-element_type=\"container\" data-e-type=\"container\">\n\t\t\t\t<div class=\"elementor-element elementor-element-4096a210 thim-ekits-heading-text-left elementor-widget thim-ekits-heading elementor-widget-thim-heading\" data-id=\"4096a210\" data-element_type=\"widget\" data-e-type=\"widget\" data-widget_type=\"thim-heading.default\">\n\t\t\t\t<div class=\"elementor-widget-container\">\n\t\t\t\t\t<div class=\"sc_heading text-left\"><h2 class=\"title\">English QRCs <\/h2><span class=\"line\"><\/span><\/div>\t\t\t\t<\/div>\n\t\t\t\t<\/div>\n\t\t\t\t<div class=\"elementor-element elementor-element-6c4ae332 elementor-widget elementor-widget-text-editor\" data-id=\"6c4ae332\" data-element_type=\"widget\" data-e-type=\"widget\" data-widget_type=\"text-editor.default\">\n\t\t\t\t<div class=\"elementor-widget-container\">\n\t\t\t\t\t\t\t\t\t<ul><li><a href=\"https:\/\/azcces.info\/wp-content\/uploads\/2024\/05\/KC-QRC-KinderBridge-API-CCMS-Registration-AZ-0524.pdf\" target=\"_blank\" rel=\"noopener\">How do I register for KinderConnect?<\/a><\/li><li><a href=\"https:\/\/azcces.info\/wp-content\/uploads\/2026\/03\/KC-QRC-KinderBridge-API-CMS-Correct-Incomplete-Attendance-AZ-0326.pdf\" target=\"_blank\" rel=\"noopener\">How do I correct incomplete attendance?<\/a><\/li><li><a href=\"https:\/\/azcces.info\/wp-content\/uploads\/2026\/03\/KC-QRC-KinderBridge-API-CCMS-Submit-Attendance-V.2-AZ-0326-1.pdf\" target=\"_blank\" rel=\"noopener\">How do I submit attendance?<\/a><\/li><li><a href=\"https:\/\/azcces.info\/wp-content\/uploads\/2024\/05\/KC-QRC-KinderBridge-API-CCMS-Backdating-Attendance-AZ-0524.pdf\" target=\"_blank\" rel=\"noopener\">How do I backdate attendance?<\/a><\/li><li><a href=\"https:\/\/azcces.info\/wp-content\/uploads\/2024\/02\/KC-QRC-Add-Operator-Detail-and-Add-Account-AZ-0224.pdf\" target=\"_blank\" rel=\"noopener\">How do I add an Operator Detail and Account?<\/a><\/li><li><a href=\"https:\/\/azcces.info\/wp-content\/uploads\/2024\/04\/KC-QRC-Add-Provider-Documents-AZ-0224.pdf\" target=\"_blank\" rel=\"noopener\">How do I add Provider Documents?<\/a><\/li><li><a href=\"https:\/\/azcces.info\/wp-content\/uploads\/2025\/02\/KC-QRC-KinderConnect-Role-Definitions-AZ-0125.pdf\" target=\"_blank\" rel=\"noopener\">What are the common terminologies for KinderConnect?<\/a><\/li><li><a href=\"https:\/\/azcces.info\/wp-content\/uploads\/2024\/05\/KC-QRC-Meaning-of-Colors-on-the-Enter-Attendance-Screen-AZ-0524.pdf\" target=\"_blank\" rel=\"noopener\">What are the meanings of the colors on the Enter Attendance screen?<\/a><\/li><li><a href=\"https:\/\/azcces.info\/wp-content\/uploads\/2024\/04\/KC-QRC-Operator-Forgets-Password-AZ-0224.pdf\" target=\"_blank\" rel=\"noopener\">What do I do if I forget my password?<\/a><\/li><li><a href=\"https:\/\/azcces.info\/wp-content\/uploads\/2024\/05\/KC-QRC-Operator-Search-AZ-0524.pdf\" target=\"_blank\" rel=\"noopener\">How do I search for an Operator?<\/a><\/li><li><a href=\"https:\/\/azcces.info\/wp-content\/uploads\/2024\/02\/KC-QRC-Printing-and-Exporting-Attendance-Data-AZ-0224.pdf\" target=\"_blank\" rel=\"noopener\">How do I print and export attendance data?<\/a><\/li><li><a href=\"https:\/\/azcces.info\/wp-content\/uploads\/2024\/02\/KC-QRC-Reset-Password-AZ-0224.pdf\" target=\"_blank\" rel=\"noopener\">How do I reset my password in KinderConnect?<\/a><\/li><li><a href=\"https:\/\/azcces.info\/wp-content\/uploads\/2025\/01\/KC-QRC-Search-for-Child-Details-AZ-0125.pdf\" target=\"_blank\" rel=\"noopener\">How do I search for a Child&#8217;s detail?<\/a><\/li><li><a href=\"https:\/\/azcces.info\/wp-content\/uploads\/2024\/02\/KC-QRC-User-Login-AZ-0224.pdf\" target=\"_blank\" rel=\"noopener\">How do I login to KinderConnect?<\/a><\/li><li><a href=\"https:\/\/azcces.info\/wp-content\/uploads\/2024\/02\/KC-QRC-View-Cases-Authorizations-AZ-0224.pdf\" target=\"_blank\" rel=\"noopener\">How do I view authorizations\/cases<\/a><\/li><li><a href=\"https:\/\/azcces.info\/wp-content\/uploads\/2025\/04\/KC-QRC-View-Transactions-AZ-0224.pdf\" target=\"_blank\" rel=\"noopener\">How do I view and export attendance transactions?<\/a><\/li><li><a href=\"https:\/\/azcces.info\/wp-content\/uploads\/2025\/11\/KC-QRC-Verify-Children-for-Providers-with-Multiple-Locations-AZ-1125.pdf\" target=\"_blank\" rel=\"noopener\">How do I verify children for providers with multiple locations?<\/a><\/li><li><a href=\"https:\/\/azcces.info\/wp-content\/uploads\/2026\/01\/KC-QRC-Inactivate-Operator-Account-AZ-0126.pdf\" target=\"_blank\" rel=\"noopener\">How do I inactivate an Operator&#8217;s account?<\/a><\/li><\/ul>\t\t\t\t\t\t\t\t<\/div>\n\t\t\t\t<\/div>\n\t\t\t\t<\/div>\n\t\t<div class=\"elementor-element elementor-element-1c8455ff e-con-full e-flex e-con e-child\" data-id=\"1c8455ff\" data-element_type=\"container\" data-e-type=\"container\">\n\t\t\t\t<div class=\"elementor-element elementor-element-3328bf92 thim-ekits-heading-text-left elementor-widget thim-ekits-heading elementor-widget-thim-heading\" data-id=\"3328bf92\" data-element_type=\"widget\" data-e-type=\"widget\" data-widget_type=\"thim-heading.default\">\n\t\t\t\t<div class=\"elementor-widget-container\">\n\t\t\t\t\t<div class=\"sc_heading text-left\"><h2 class=\"title\">Spanish QRCs <\/h2><span class=\"line\"><\/span><\/div>\t\t\t\t<\/div>\n\t\t\t\t<\/div>\n\t\t\t\t<div class=\"elementor-element elementor-element-5a3d03dc elementor-widget elementor-widget-text-editor\" data-id=\"5a3d03dc\" data-element_type=\"widget\" data-e-type=\"widget\" data-widget_type=\"text-editor.default\">\n\t\t\t\t<div class=\"elementor-widget-container\">\n\t\t\t\t\t\t\t\t\t<ul><li><a href=\"https:\/\/azcces.info\/wp-content\/uploads\/2024\/05\/KC-QRC-KinderBridge-API-CCMS-Registration-AZ-0524Sp.pdf\" target=\"_blank\" rel=\"noopener\">C\u00f3mo me registro en KinderConnect?<\/a><\/li><li><a href=\"https:\/\/azcces.info\/wp-content\/uploads\/2026\/03\/KC-QRC-KinderBridge-API-CCMS-Correct-Incomplete-Attendance-AZ-0326Sp.pdf\" target=\"_blank\" rel=\"noopener\">C\u00f3mo corrijo una asistencia incompleta?<\/a><\/li><li><a href=\"https:\/\/azcces.info\/wp-content\/uploads\/2026\/03\/KC-QRC-KinderBridge-API-CCMS-Submit-Attendance-AZ-0326Sp-1.pdf\" target=\"_blank\" rel=\"noopener\">C\u00f3mo someto la asistencia?<\/a><\/li><li><a href=\"https:\/\/azcces.info\/wp-content\/uploads\/2024\/05\/KC-QRC-KinderBridge-API-CCMS-Backdating-Attendance-AZ-0524Sp.pdf\" target=\"_blank\" rel=\"noopener\">C\u00f3mo ingreso asistencia retroactiva?<\/a><\/li><li><a href=\"https:\/\/azcces.info\/wp-content\/uploads\/2024\/02\/KC-QRC-Add-Operator-Detail-and-Add-Account-AZ-0224Sp.pdf\" target=\"_blank\" rel=\"noopener\">C\u00f3mo agrego los detalles y la cuenta de un operador?<\/a><\/li><li><a href=\"https:\/\/azcces.info\/wp-content\/uploads\/2024\/04\/KC-QRC-Add-Provider-Documents-AZ-0224Sp.pdf\" target=\"_blank\" rel=\"noopener\">C\u00f3mo agrego documentos del proveedor?<\/a><\/li><li><a href=\"https:\/\/azcces.info\/wp-content\/uploads\/2025\/02\/KC-QRC-KinderConnect-Role-Definitions-AZ-0225Sp.pdf\" target=\"_blank\" rel=\"noopener\">Cu\u00e1les son los t\u00e9rminos comunes de KinderConnect?<\/a><\/li><li><a href=\"https:\/\/azcces.info\/wp-content\/uploads\/2024\/05\/KC-QRC-Meaning-of-Colors-on-the-Enter-Attendance-Screen-AZ-0524Sp.pdf\" target=\"_blank\" rel=\"noopener\">Qu\u00e9 significan los colores en la pantalla Ingresar asistencia?<\/a><\/li><li><a href=\"https:\/\/azcces.info\/wp-content\/uploads\/2024\/04\/KC-QRC-Operator-Forgets-Password-AZ-0224Sp.pdf\" target=\"_blank\" rel=\"noopener\">Qu\u00e9 hago si olvido mi contrase\u00f1a?<\/a><\/li><li><a href=\"https:\/\/azcces.info\/wp-content\/uploads\/2024\/05\/KC-QRC-Operator-Search-AZ-0524Sp.pdf\" target=\"_blank\" rel=\"noopener\">C\u00f3mo busco un operador?<\/a><\/li><li><a href=\"https:\/\/azcces.info\/wp-content\/uploads\/2024\/02\/KC-QRC-Printing-and-Exporting-Attendance-Data-AZ-0224Sp.pdf\" target=\"_blank\" rel=\"noopener\">C\u00f3mo imprimo y exporto los datos de asistencia?<\/a><\/li><li><a href=\"https:\/\/azcces.info\/wp-content\/uploads\/2024\/02\/KC-QRC-Reset-Password-AZ-0224Sp.pdf\" target=\"_blank\" rel=\"noopener\">C\u00f3mo restablezco mi contrase\u00f1a en KinderConnect?<\/a><\/li><li><a href=\"https:\/\/azcces.info\/wp-content\/uploads\/2025\/01\/KC-QRC-Search-Child-Detail-AZ-0125Sp.pdf\" target=\"_blank\" rel=\"noopener\">C\u00f3mo busco los detalles de un ni\u00f1o?<\/a><\/li><li><a href=\"https:\/\/azcces.info\/wp-content\/uploads\/2024\/02\/KC-QRC-User-Login-AZ-0224Sp.pdf\" target=\"_blank\" rel=\"noopener\">C\u00f3mo inicio sesi\u00f3n en KinderConnect?<\/a><\/li><li><a href=\"https:\/\/azcces.info\/wp-content\/uploads\/2024\/02\/KC-QRC-View-Cases-Authorizations-AZ-0224Sp.pdf\" target=\"_blank\" rel=\"noopener\">C\u00f3mo puedo ver las autorizaciones\/casos?<\/a><\/li><li><a href=\"https:\/\/azcces.info\/wp-content\/uploads\/2025\/04\/KC-QRC-View-Transactions-AZ-0224Sp.pdf\" target=\"_blank\" rel=\"noopener\">C\u00f3mo puedo ver y exportar las transacciones de asistencia?<\/a><\/li><li><a href=\"https:\/\/azcces.info\/wp-content\/uploads\/2025\/11\/KC-QRC-Verify-Children-for-Providers-with-Multiple-Locations-AZ-1125Sp.pdf\" target=\"_blank\" rel=\"noopener\">C\u00f3mo verifico a los ni\u00f1os de proveedores con m\u00faltiples ubicaciones?<\/a><\/li><li><a href=\"https:\/\/azcces.info\/wp-content\/uploads\/2026\/01\/KC-QRC-Desactivar-Cuenta-de-Operador-AZ-0126.pdf\" target=\"_blank\" rel=\"noopener\">C\u00f3mo desactivo la cuenta de un operador?<\/a><\/li><\/ul>\t\t\t\t\t\t\t\t<\/div>\n\t\t\t\t<\/div>\n\t\t\t\t<\/div>\n\t\t\t\t\t<\/div>\n\t\t\t\t<\/div>\n\t\t\t\t<section class=\"elementor-section elementor-top-section elementor-element elementor-element-4c4462aa elementor-section-stretched elementor-section-boxed elementor-section-height-default elementor-section-height-default\" data-id=\"4c4462aa\" data-element_type=\"section\" data-e-type=\"section\" data-settings=\"{&quot;stretch_section&quot;:&quot;section-stretched&quot;}\">\n\t\t\t\t\t\t<div class=\"elementor-container elementor-column-gap-no\">\n\t\t\t\t\t<div class=\"elementor-column elementor-col-100 elementor-top-column elementor-element elementor-element-1f135737\" data-id=\"1f135737\" data-element_type=\"column\" data-e-type=\"column\">\n\t\t\t<div class=\"elementor-widget-wrap elementor-element-populated\">\n\t\t\t\t\t\t<div class=\"elementor-element elementor-element-4e01491f elementor-widget elementor-widget-spacer\" data-id=\"4e01491f\" data-element_type=\"widget\" data-e-type=\"widget\" data-widget_type=\"spacer.default\">\n\t\t\t\t<div class=\"elementor-widget-container\">\n\t\t\t\t\t\t\t<div class=\"elementor-spacer\">\n\t\t\t<div class=\"elementor-spacer-inner\"><\/div>\n\t\t<\/div>\n\t\t\t\t\t\t<\/div>\n\t\t\t\t<\/div>\n\t\t\t\t\t<\/div>\n\t\t<\/div>\n\t\t\t\t\t<\/div>\n\t\t<\/section>\n\t\t\t\t<\/div>\n\t\t","protected":false},"excerpt":{"rendered":"KinderConnect QRCs for KinderBridge (API)\/CCMS Providers KinderConnect QRCs for KinderBridge (API)\/CCMS Providers English QRCs How do I register for KinderConnect? How do I correct incomplete attendance? How do I submit attendance? How do I backdate attendance? How do I add &hellip; ","protected":false},"author":9,"featured_media":0,"parent":0,"menu_order":0,"comment_status":"closed","ping_status":"closed","template":"elementor_header_footer","meta":{"footnotes":""},"class_list":["post-4327","page","type-page","status-publish","hentry"],"_links":{"self":[{"href":"https:\/\/azcces.info\/index.php\/wp-json\/wp\/v2\/pages\/4327","targetHints":{"allow":["GET"]}}],"collection":[{"href":"https:\/\/azcces.info\/index.php\/wp-json\/wp\/v2\/pages"}],"about":[{"href":"https:\/\/azcces.info\/index.php\/wp-json\/wp\/v2\/types\/page"}],"author":[{"embeddable":true,"href":"https:\/\/azcces.info\/index.php\/wp-json\/wp\/v2\/users\/9"}],"replies":[{"embeddable":true,"href":"https:\/\/azcces.info\/index.php\/wp-json\/wp\/v2\/comments?post=4327"}],"version-history":[{"count":22,"href":"https:\/\/azcces.info\/index.php\/wp-json\/wp\/v2\/pages\/4327\/revisions"}],"predecessor-version":[{"id":5061,"href":"https:\/\/azcces.info\/index.php\/wp-json\/wp\/v2\/pages\/4327\/revisions\/5061"}],"wp:attachment":[{"href":"https:\/\/azcces.info\/index.php\/wp-json\/wp\/v2\/media?parent=4327"}],"curies":[{"name":"wp","href":"https:\/\/api.w.org\/{rel}","templated":true}]}}