{"id":4414,"date":"2026-02-23T07:23:41","date_gmt":"2026-02-23T14:23:41","guid":{"rendered":"https:\/\/azcces.info\/?page_id=4414"},"modified":"2026-02-23T13:29:36","modified_gmt":"2026-02-23T20:29:36","slug":"families-getting-started-spanish","status":"publish","type":"page","link":"https:\/\/azcces.info\/index.php\/families-getting-started-spanish\/","title":{"rendered":"Families Getting Started (Spanish)"},"content":{"rendered":"\t\t<div data-elementor-type=\"wp-page\" data-elementor-id=\"4414\" class=\"elementor elementor-4414\">\n\t\t\t\t<div class=\"elementor-element elementor-element-2562764e e-flex e-con-boxed e-con e-parent\" data-id=\"2562764e\" data-element_type=\"container\" data-e-type=\"container\">\n\t\t\t\t\t<div class=\"e-con-inner\">\n\t\t\t\t<div class=\"elementor-element elementor-element-62e85c0c elementor-widget elementor-widget-heading\" data-id=\"62e85c0c\" data-element_type=\"widget\" data-e-type=\"widget\" data-widget_type=\"heading.default\">\n\t\t\t\t<div class=\"elementor-widget-container\">\n\t\t\t\t\t<h3 class=\"elementor-heading-title elementor-size-default\">\u00a1Bienvenido al Sistema Electr\u00f3nico de Cuidado Infantil de Arizona (CCES)!<\/h3>\t\t\t\t<\/div>\n\t\t\t\t<\/div>\n\t\t\t\t<div class=\"elementor-element elementor-element-4bd4d373 elementor-widget elementor-widget-text-editor\" data-id=\"4bd4d373\" data-element_type=\"widget\" data-e-type=\"widget\" data-widget_type=\"text-editor.default\">\n\t\t\t\t<div class=\"elementor-widget-container\">\n\t\t\t\t\t\t\t\t\t<p>\u00a1Sabemos que los padres de hoy viven en una era digital! A trav\u00e9s de la modernizaci\u00f3n de la tecnolog\u00eda y el Sistema Electr\u00f3nico de Cuidado Infantil, DES ayudar\u00e1 a las familias a estar mejor equipadas para comunicarse directamente con su proveedor de cuidado infantil, buscar opciones de cuidado infantil entre una amplia gama de opciones disponibles y herramientas de comunicaci\u00f3n mejoradas. En el estado futuro de CCES, las familias tendr\u00e1n acceso integral a recursos, incluyendo asistencia financiera, servicios especiales y m\u00e1s, para satisfacer sus necesidades de educaci\u00f3n y cuidado de la primera infancia.<\/p>\t\t\t\t\t\t\t\t<\/div>\n\t\t\t\t<\/div>\n\t\t\t\t\t<\/div>\n\t\t\t\t<\/div>\n\t\t<div class=\"elementor-element elementor-element-77e2921f e-flex e-con-boxed e-con e-parent\" data-id=\"77e2921f\" data-element_type=\"container\" data-e-type=\"container\">\n\t\t\t\t\t<div class=\"e-con-inner\">\n\t\t\t\t<div class=\"elementor-element elementor-element-7e11602b elementor-widget-divider--view-line elementor-widget elementor-widget-divider\" data-id=\"7e11602b\" data-element_type=\"widget\" data-e-type=\"widget\" data-widget_type=\"divider.default\">\n\t\t\t\t<div class=\"elementor-widget-container\">\n\t\t\t\t\t\t\t<div class=\"elementor-divider\">\n\t\t\t<span class=\"elementor-divider-separator\">\n\t\t\t\t\t\t<\/span>\n\t\t<\/div>\n\t\t\t\t\t\t<\/div>\n\t\t\t\t<\/div>\n\t\t\t\t\t<\/div>\n\t\t\t\t<\/div>\n\t\t<div class=\"elementor-element elementor-element-48bdc78 e-flex e-con-boxed e-con e-parent\" data-id=\"48bdc78\" data-element_type=\"container\" data-e-type=\"container\" data-settings=\"{&quot;background_background&quot;:&quot;classic&quot;}\">\n\t\t\t\t\t<div class=\"e-con-inner\">\n\t\t\t\t<div class=\"elementor-element elementor-element-106faac7 elementor-widget elementor-widget-heading\" data-id=\"106faac7\" data-element_type=\"widget\" data-e-type=\"widget\" data-widget_type=\"heading.default\">\n\t\t\t\t<div class=\"elementor-widget-container\">\n\t\t\t\t\t<h3 class=\"elementor-heading-title elementor-size-default\">Paso 1: Introducci\u00f3n<\/h3>\t\t\t\t<\/div>\n\t\t\t\t<\/div>\n\t\t\t\t<div class=\"elementor-element elementor-element-62347d02 elementor-widget elementor-widget-text-editor\" data-id=\"62347d02\" data-element_type=\"widget\" data-e-type=\"widget\" data-widget_type=\"text-editor.default\">\n\t\t\t\t<div class=\"elementor-widget-container\">\n\t\t\t\t\t\t\t\t\t<p>Recomendamos ver el seminario web introductorio. Este seminario web ofrece una descripci\u00f3n general de la aplicaci\u00f3n de su herramienta de seguimiento de asistencia KinderSmart y explica c\u00f3mo utilizarla e introducir la asistencia. Vea el seminario web a continuaci\u00f3n. \ud83d\udc47\ud83c\udffb.<\/p>\t\t\t\t\t\t\t\t<\/div>\n\t\t\t\t<\/div>\n\t\t\t\t<div class=\"elementor-element elementor-element-53bd2dbf elementor-widget elementor-widget-video\" data-id=\"53bd2dbf\" data-element_type=\"widget\" data-e-type=\"widget\" data-settings=\"{&quot;video_type&quot;:&quot;vimeo&quot;}\" data-widget_type=\"video.default\">\n\t\t\t\t<div class=\"elementor-widget-container\">\n\t\t\t\t\t\t\t<div class=\"elementor-wrapper elementor-open-inline\">\n\t\t\t<iframe class=\"elementor-video-iframe\" allowfullscreen allow=\"clipboard-write\" title=\"vimeo Video Player\" src=\"https:\/\/player.vimeo.com\/video\/996291307?color&amp;autopause=0&amp;loop=0&amp;muted=0&amp;title=1&amp;portrait=1&amp;byline=1&amp;h=2dcca6ffee#t=\"><\/iframe>\t\t<\/div>\n\t\t\t\t\t\t<\/div>\n\t\t\t\t<\/div>\n\t\t\t\t\t<\/div>\n\t\t\t\t<\/div>\n\t\t<div class=\"elementor-element elementor-element-7efaf9a9 e-flex e-con-boxed e-con e-parent\" data-id=\"7efaf9a9\" data-element_type=\"container\" data-e-type=\"container\" id=\"next\">\n\t\t\t\t\t<div class=\"e-con-inner\">\n\t\t\t\t<div class=\"elementor-element elementor-element-3783ea72 elementor-widget elementor-widget-heading\" data-id=\"3783ea72\" data-element_type=\"widget\" data-e-type=\"widget\" data-widget_type=\"heading.default\">\n\t\t\t\t<div class=\"elementor-widget-container\">\n\t\t\t\t\t<h3 class=\"elementor-heading-title elementor-size-default\">Paso 2: Registro de Adulto Responsable<\/h3>\t\t\t\t<\/div>\n\t\t\t\t<\/div>\n\t\t\t\t<div class=\"elementor-element elementor-element-949126c elementor-widget elementor-widget-text-editor\" data-id=\"949126c\" data-element_type=\"widget\" data-e-type=\"widget\" data-widget_type=\"text-editor.default\">\n\t\t\t\t<div class=\"elementor-widget-container\">\n\t\t\t\t\t\t\t\t\t<p>Su proveedor le entregar\u00e1 un formulario de registro de KinderSmart con su nombre. Cada adulto responsable tiene un formulario de inscripci\u00f3n de KinderSmart exclusivo. Este c\u00f3digo registrar\u00e1 solo la informaci\u00f3n de los ni\u00f1os por los que el adulto responsable tenga autorizaci\u00f3n de grabar asistencia. Aseg\u00farese de escanear solo el formulario con su nombre y la informaci\u00f3n de su proveedor.<\/p>\t\t\t\t\t\t\t\t<\/div>\n\t\t\t\t<\/div>\n\t\t\t\t<div class=\"elementor-element elementor-element-257ac1c4 elementor-widget elementor-widget-image\" data-id=\"257ac1c4\" data-element_type=\"widget\" data-e-type=\"widget\" data-widget_type=\"image.default\">\n\t\t\t\t<div class=\"elementor-widget-container\">\n\t\t\t\t\t\t\t\t\t\t\t\t\t\t\t<img fetchpriority=\"high\" decoding=\"async\" width=\"505\" height=\"612\" src=\"https:\/\/azcces.info\/wp-content\/uploads\/2026\/02\/image-25.png\" class=\"attachment-large size-large wp-image-4036\" alt=\"\" srcset=\"https:\/\/azcces.info\/wp-content\/uploads\/2026\/02\/image-25.png 505w, https:\/\/azcces.info\/wp-content\/uploads\/2026\/02\/image-25-248x300.png 248w\" sizes=\"(max-width: 505px) 100vw, 505px\" \/>\t\t\t\t\t\t\t\t\t\t\t\t\t\t\t<\/div>\n\t\t\t\t<\/div>\n\t\t\t\t\t<\/div>\n\t\t\t\t<\/div>\n\t\t<div class=\"elementor-element elementor-element-be655ba e-flex e-con-boxed e-con e-parent\" data-id=\"be655ba\" data-element_type=\"container\" data-e-type=\"container\" data-settings=\"{&quot;background_background&quot;:&quot;classic&quot;}\">\n\t\t\t\t\t<div class=\"e-con-inner\">\n\t\t\t\t<div class=\"elementor-element elementor-element-4c50480c elementor-widget elementor-widget-heading\" data-id=\"4c50480c\" data-element_type=\"widget\" data-e-type=\"widget\" data-widget_type=\"heading.default\">\n\t\t\t\t<div class=\"elementor-widget-container\">\n\t\t\t\t\t<h3 class=\"elementor-heading-title elementor-size-default\">Paso 3: Descargue KinderSmart Arizona y Escanee el Codigo QR<\/h3>\t\t\t\t<\/div>\n\t\t\t\t<\/div>\n\t\t\t\t<div class=\"elementor-element elementor-element-75cc3b57 elementor-widget elementor-widget-text-editor\" data-id=\"75cc3b57\" data-element_type=\"widget\" data-e-type=\"widget\" data-widget_type=\"text-editor.default\">\n\t\t\t\t<div class=\"elementor-widget-container\">\n\t\t\t\t\t\t\t\t\t<p>Cuando vea el menu de actividades en KinderSmart, est\u00e1 registrado y listo para ingresar la asistencia de su hijo con su tel\u00e9fono m\u00f3vil.<\/p>\t\t\t\t\t\t\t\t<\/div>\n\t\t\t\t<\/div>\n\t\t\t\t<div class=\"elementor-element elementor-element-591687ad elementor-widget elementor-widget-video\" data-id=\"591687ad\" data-element_type=\"widget\" data-e-type=\"widget\" data-settings=\"{&quot;video_type&quot;:&quot;vimeo&quot;}\" data-widget_type=\"video.default\">\n\t\t\t\t<div class=\"elementor-widget-container\">\n\t\t\t\t\t\t\t<div class=\"elementor-wrapper elementor-open-inline\">\n\t\t\t<iframe class=\"elementor-video-iframe\" allowfullscreen allow=\"clipboard-write\" title=\"vimeo Video Player\" src=\"https:\/\/player.vimeo.com\/video\/996297455?color&amp;autopause=0&amp;loop=0&amp;muted=0&amp;title=1&amp;portrait=1&amp;byline=1&amp;h=b344f3dba9#t=\"><\/iframe>\t\t<\/div>\n\t\t\t\t\t\t<\/div>\n\t\t\t\t<\/div>\n\t\t\t\t<div class=\"elementor-element elementor-element-14f7d98f elementor-widget elementor-widget-text-editor\" data-id=\"14f7d98f\" data-element_type=\"widget\" data-e-type=\"widget\" data-widget_type=\"text-editor.default\">\n\t\t\t\t<div class=\"elementor-widget-container\">\n\t\t\t\t\t\t\t\t\t<p class=\"has-text-align-center\" style=\"text-align: center;\"><a href=\"https:\/\/azcces.info\/wp-content\/uploads\/2024\/02\/KSmart-QRC-Sponsor-registration-to-Android-Phone-AZ-Sp0224-1.pdf\" target=\"_blank\" rel=\"noopener\">Descarga y registro de KinderSmart en su tel\u00e9fono m\u00f3vil (usuarios de Android)<\/a><\/p><p class=\"has-text-align-center\" style=\"text-align: center;\"><a href=\"https:\/\/azcces.info\/wp-content\/uploads\/2024\/02\/KSmart-QRC-Sponsor-registration-to-iPhone-AZ-Sp0224-1.pdf\" target=\"_blank\" rel=\"noopener\">Descarga y registro de KinderSmart en su tel\u00e9fono m\u00f3vil (usuarios de iPhone)<\/a><\/p>\t\t\t\t\t\t\t\t<\/div>\n\t\t\t\t<\/div>\n\t\t\t\t<div class=\"elementor-element elementor-element-1924fd17 elementor-widget elementor-widget-spacer\" data-id=\"1924fd17\" data-element_type=\"widget\" data-e-type=\"widget\" data-widget_type=\"spacer.default\">\n\t\t\t\t<div class=\"elementor-widget-container\">\n\t\t\t\t\t\t\t<div class=\"elementor-spacer\">\n\t\t\t<div class=\"elementor-spacer-inner\"><\/div>\n\t\t<\/div>\n\t\t\t\t\t\t<\/div>\n\t\t\t\t<\/div>\n\t\t\t\t<div class=\"elementor-element elementor-element-5c9ca2c9 elementor-widget elementor-widget-n-accordion\" data-id=\"5c9ca2c9\" data-element_type=\"widget\" data-e-type=\"widget\" data-settings=\"{&quot;default_state&quot;:&quot;all_collapsed&quot;,&quot;_animation&quot;:&quot;none&quot;,&quot;max_items_expended&quot;:&quot;one&quot;,&quot;n_accordion_animation_duration&quot;:{&quot;unit&quot;:&quot;ms&quot;,&quot;size&quot;:400,&quot;sizes&quot;:[]}}\" data-widget_type=\"nested-accordion.default\">\n\t\t\t\t<div class=\"elementor-widget-container\">\n\t\t\t\t\t\t\t<div class=\"e-n-accordion\" aria-label=\"Accordion. Open links with Enter or Space, close with Escape, and navigate with Arrow Keys\">\n\t\t\t\t\t\t<details id=\"e-n-accordion-item-1550\" class=\"e-n-accordion-item\" >\n\t\t\t\t<summary class=\"e-n-accordion-item-title\" data-accordion-index=\"1\" tabindex=\"0\" aria-expanded=\"false\" aria-controls=\"e-n-accordion-item-1550\" >\n\t\t\t\t\t<span class='e-n-accordion-item-title-header'><div class=\"e-n-accordion-item-title-text\"> Registro de KinderSign (Para Adultos Responsables que usan la tableta del Proveedor) <\/div><\/span>\n\t\t\t\t\t\t\t<span class='e-n-accordion-item-title-icon'>\n\t\t\t<span class='e-opened' ><svg aria-hidden=\"true\" class=\"e-font-icon-svg e-far-window-close\" viewBox=\"0 0 512 512\" xmlns=\"http:\/\/www.w3.org\/2000\/svg\"><path d=\"M464 32H48C21.5 32 0 53.5 0 80v352c0 26.5 21.5 48 48 48h416c26.5 0 48-21.5 48-48V80c0-26.5-21.5-48-48-48zm0 394c0 3.3-2.7 6-6 6H54c-3.3 0-6-2.7-6-6V86c0-3.3 2.7-6 6-6h404c3.3 0 6 2.7 6 6v340zM356.5 194.6L295.1 256l61.4 61.4c4.6 4.6 4.6 12.1 0 16.8l-22.3 22.3c-4.6 4.6-12.1 4.6-16.8 0L256 295.1l-61.4 61.4c-4.6 4.6-12.1 4.6-16.8 0l-22.3-22.3c-4.6-4.6-4.6-12.1 0-16.8l61.4-61.4-61.4-61.4c-4.6-4.6-4.6-12.1 0-16.8l22.3-22.3c4.6-4.6 12.1-4.6 16.8 0l61.4 61.4 61.4-61.4c4.6-4.6 12.1-4.6 16.8 0l22.3 22.3c4.7 4.6 4.7 12.1 0 16.8z\"><\/path><\/svg><\/span>\n\t\t\t<span class='e-closed'><svg aria-hidden=\"true\" class=\"e-font-icon-svg e-fas-arrow-alt-circle-right\" viewBox=\"0 0 512 512\" xmlns=\"http:\/\/www.w3.org\/2000\/svg\"><path d=\"M256 8c137 0 248 111 248 248S393 504 256 504 8 393 8 256 119 8 256 8zM140 300h116v70.9c0 10.7 13 16.1 20.5 8.5l114.3-114.9c4.7-4.7 4.7-12.2 0-16.9l-114.3-115c-7.6-7.6-20.5-2.2-20.5 8.5V212H140c-6.6 0-12 5.4-12 12v64c0 6.6 5.4 12 12 12z\"><\/path><\/svg><\/span>\n\t\t<\/span>\n\n\t\t\t\t\t\t<\/summary>\n\t\t\t\t<div role=\"region\" aria-labelledby=\"e-n-accordion-item-1550\" class=\"elementor-element elementor-element-2b15dae4 e-con-full e-flex e-con e-child\" data-id=\"2b15dae4\" data-element_type=\"container\" data-e-type=\"container\">\n\t\t\t\t<div class=\"elementor-element elementor-element-73742905 elementor-widget elementor-widget-text-editor\" data-id=\"73742905\" data-element_type=\"widget\" data-e-type=\"widget\" data-widget_type=\"text-editor.default\">\n\t\t\t\t<div class=\"elementor-widget-container\">\n\t\t\t\t\t\t\t\t\t<p>Este paso es solo para Adultos Responsables que asisten a un Proveedor que ya tiene una tableta personal registrada en KinderSign y esta lista para ser utilizada.<\/p>\t\t\t\t\t\t\t\t<\/div>\n\t\t\t\t<\/div>\n\t\t\t\t<div class=\"elementor-element elementor-element-6ef831bd elementor-widget elementor-widget-video\" data-id=\"6ef831bd\" data-element_type=\"widget\" data-e-type=\"widget\" data-settings=\"{&quot;video_type&quot;:&quot;vimeo&quot;}\" data-widget_type=\"video.default\">\n\t\t\t\t<div class=\"elementor-widget-container\">\n\t\t\t\t\t\t\t<div class=\"elementor-wrapper elementor-open-inline\">\n\t\t\t<iframe class=\"elementor-video-iframe\" allowfullscreen allow=\"clipboard-write\" title=\"vimeo Video Player\" src=\"https:\/\/player.vimeo.com\/video\/1000872168?color&amp;autopause=0&amp;loop=0&amp;muted=0&amp;title=1&amp;portrait=1&amp;byline=1&amp;h=96998686af#t=\"><\/iframe>\t\t<\/div>\n\t\t\t\t\t\t<\/div>\n\t\t\t\t<\/div>\n\t\t\t\t<div class=\"elementor-element elementor-element-6a1ba3dd elementor-widget elementor-widget-text-editor\" data-id=\"6a1ba3dd\" data-element_type=\"widget\" data-e-type=\"widget\" data-widget_type=\"text-editor.default\">\n\t\t\t\t<div class=\"elementor-widget-container\">\n\t\t\t\t\t\t\t\t\t<p style=\"text-align: center;\"><a href=\"https:\/\/azcces.info\/wp-content\/uploads\/2024\/02\/KSign-QRC-Create-Sponsor-PIN-and-Secret-Question-AZ-Sp0623.pdf\" target=\"_blank\" rel=\"noopener\">C\u00f3mo Crear un PIN y Pregunta\/Respuesta Secreta para un Padre\/Adulto Responsable<\/a><\/p>\t\t\t\t\t\t\t\t<\/div>\n\t\t\t\t<\/div>\n\t\t\t\t<\/div>\n\t\t\t\t\t<\/details>\n\t\t\t\t\t<\/div>\n\t\t\t\t\t\t<\/div>\n\t\t\t\t<\/div>\n\t\t\t\t\t<\/div>\n\t\t\t\t<\/div>\n\t\t<div class=\"elementor-element elementor-element-4e2747b6 e-flex e-con-boxed e-con e-parent\" data-id=\"4e2747b6\" data-element_type=\"container\" data-e-type=\"container\" data-settings=\"{&quot;background_background&quot;:&quot;classic&quot;}\">\n\t\t\t\t\t<div class=\"e-con-inner\">\n\t\t\t\t<div class=\"elementor-element elementor-element-4c4a4833 elementor-widget elementor-widget-heading\" data-id=\"4c4a4833\" data-element_type=\"widget\" data-e-type=\"widget\" data-widget_type=\"heading.default\">\n\t\t\t\t<div class=\"elementor-widget-container\">\n\t\t\t\t\t<h3 class=\"elementor-heading-title elementor-size-default\">Paso 4: Ingresar asistencia<\/h3>\t\t\t\t<\/div>\n\t\t\t\t<\/div>\n\t\t\t\t<div class=\"elementor-element elementor-element-28893f4e e-n-tabs-tablet elementor-widget elementor-widget-n-tabs\" data-id=\"28893f4e\" data-element_type=\"widget\" data-e-type=\"widget\" data-settings=\"{&quot;tabs_justify_horizontal&quot;:&quot;center&quot;,&quot;horizontal_scroll_tablet&quot;:&quot;enable&quot;,&quot;horizontal_scroll&quot;:&quot;disable&quot;}\" data-widget_type=\"nested-tabs.default\">\n\t\t\t\t<div class=\"elementor-widget-container\">\n\t\t\t\t\t\t\t<div class=\"e-n-tabs\" data-widget-number=\"680083278\" aria-label=\"Tabs. Open items with Enter or Space, close with Escape and navigate using the Arrow keys.\">\n\t\t\t<div class=\"e-n-tabs-heading\" role=\"tablist\">\n\t\t\t\t\t<button id=\"e-n-tab-title-6800832781\" data-tab-title-id=\"e-n-tab-title-6800832781\" class=\"e-n-tab-title\" aria-selected=\"true\" data-tab-index=\"1\" role=\"tab\" tabindex=\"0\" aria-controls=\"e-n-tab-content-6800832781\" style=\"--n-tabs-title-order: 1;\">\n\t\t\t\t\t\t<span class=\"e-n-tab-title-text\">\n\t\t\t\t1) Ingresar asistencia\t\t\t<\/span>\n\t\t<\/button>\n\t\t\t\t<button id=\"e-n-tab-title-6800832782\" data-tab-title-id=\"e-n-tab-title-6800832782\" class=\"e-n-tab-title\" aria-selected=\"false\" data-tab-index=\"2\" role=\"tab\" tabindex=\"-1\" aria-controls=\"e-n-tab-content-6800832782\" style=\"--n-tabs-title-order: 2;\">\n\t\t\t\t\t\t<span class=\"e-n-tab-title-text\">\n\t\t\t\t2) Retrodecer Transacciones\t\t\t<\/span>\n\t\t<\/button>\n\t\t\t\t<button id=\"e-n-tab-title-6800832783\" data-tab-title-id=\"e-n-tab-title-6800832783\" class=\"e-n-tab-title\" aria-selected=\"false\" data-tab-index=\"3\" role=\"tab\" tabindex=\"-1\" aria-controls=\"e-n-tab-content-6800832783\" style=\"--n-tabs-title-order: 3;\">\n\t\t\t\t\t\t<span class=\"e-n-tab-title-text\">\n\t\t\t\t3) approving attendance\t\t\t<\/span>\n\t\t<\/button>\n\t\t\t\t\t<\/div>\n\t\t\t<div class=\"e-n-tabs-content\">\n\t\t\t\t<div id=\"e-n-tab-content-6800832781\" role=\"tabpanel\" aria-labelledby=\"e-n-tab-title-6800832781\" data-tab-index=\"1\" style=\"--n-tabs-title-order: 1;\" class=\"e-active elementor-element elementor-element-cb41d24 e-con-full e-flex e-con e-child\" data-id=\"cb41d24\" data-element_type=\"container\" data-e-type=\"container\">\n\t\t\t\t<div class=\"elementor-element elementor-element-3a8a40c8 elementor-widget elementor-widget-video\" data-id=\"3a8a40c8\" data-element_type=\"widget\" data-e-type=\"widget\" data-settings=\"{&quot;video_type&quot;:&quot;vimeo&quot;}\" data-widget_type=\"video.default\">\n\t\t\t\t<div class=\"elementor-widget-container\">\n\t\t\t\t\t\t\t<div class=\"elementor-wrapper elementor-open-inline\">\n\t\t\t<iframe class=\"elementor-video-iframe\" allowfullscreen allow=\"clipboard-write\" title=\"vimeo Video Player\" src=\"https:\/\/player.vimeo.com\/video\/996303894?color&amp;autopause=0&amp;loop=0&amp;muted=0&amp;title=1&amp;portrait=1&amp;byline=1&amp;h=ff6e694c09#t=\"><\/iframe>\t\t<\/div>\n\t\t\t\t\t\t<\/div>\n\t\t\t\t<\/div>\n\t\t\t\t<div class=\"elementor-element elementor-element-71811531 elementor-widget elementor-widget-text-editor\" data-id=\"71811531\" data-element_type=\"widget\" data-e-type=\"widget\" data-widget_type=\"text-editor.default\">\n\t\t\t\t<div class=\"elementor-widget-container\">\n\t\t\t\t\t\t\t\t\t<p style=\"text-align: center;\"><a href=\"https:\/\/azcces.info\/wp-content\/uploads\/2024\/02\/KSmart-QRC-Signing-Children-In-and-Out-AZ-Sp0224.pdf\" target=\"_blank\" rel=\"noopener\">Ingresar asistencia<\/a><\/p>\t\t\t\t\t\t\t\t<\/div>\n\t\t\t\t<\/div>\n\t\t\t\t<\/div>\n\t\t<div id=\"e-n-tab-content-6800832782\" role=\"tabpanel\" aria-labelledby=\"e-n-tab-title-6800832782\" data-tab-index=\"2\" style=\"--n-tabs-title-order: 2;\" class=\" elementor-element elementor-element-fa5806b e-con-full e-flex e-con e-child\" data-id=\"fa5806b\" data-element_type=\"container\" data-e-type=\"container\">\n\t\t\t\t<div class=\"elementor-element elementor-element-6d8b8c5d elementor-widget elementor-widget-video\" data-id=\"6d8b8c5d\" data-element_type=\"widget\" data-e-type=\"widget\" data-settings=\"{&quot;video_type&quot;:&quot;vimeo&quot;}\" data-widget_type=\"video.default\">\n\t\t\t\t<div class=\"elementor-widget-container\">\n\t\t\t\t\t\t\t<div class=\"elementor-wrapper elementor-open-inline\">\n\t\t\t<iframe class=\"elementor-video-iframe\" allowfullscreen allow=\"clipboard-write\" title=\"vimeo Video Player\" src=\"https:\/\/player.vimeo.com\/video\/997758379?color&amp;autopause=0&amp;loop=0&amp;muted=0&amp;title=1&amp;portrait=1&amp;byline=1&amp;h=6e4ab58f4b#t=\"><\/iframe>\t\t<\/div>\n\t\t\t\t\t\t<\/div>\n\t\t\t\t<\/div>\n\t\t\t\t<div class=\"elementor-element elementor-element-5be49d9 elementor-widget elementor-widget-text-editor\" data-id=\"5be49d9\" data-element_type=\"widget\" data-e-type=\"widget\" data-widget_type=\"text-editor.default\">\n\t\t\t\t<div class=\"elementor-widget-container\">\n\t\t\t\t\t\t\t\t\t<p style=\"text-align: center;\"><a href=\"https:\/\/azcces.info\/wp-content\/uploads\/2024\/02\/KSmart-QRC-How-to-Backdate-Transactions-AZ-Sp0224.pdf\" target=\"_blank\" rel=\"noopener\">Retrodecer Transacciones<\/a><\/p>\t\t\t\t\t\t\t\t<\/div>\n\t\t\t\t<\/div>\n\t\t\t\t<\/div>\n\t\t<div id=\"e-n-tab-content-6800832783\" role=\"tabpanel\" aria-labelledby=\"e-n-tab-title-6800832783\" data-tab-index=\"3\" style=\"--n-tabs-title-order: 3;\" class=\" elementor-element elementor-element-41c62223 e-con-full e-flex e-con e-child\" data-id=\"41c62223\" data-element_type=\"container\" data-e-type=\"container\">\n\t\t\t\t<div class=\"elementor-element elementor-element-3eb76a4c elementor-widget elementor-widget-video\" data-id=\"3eb76a4c\" data-element_type=\"widget\" data-e-type=\"widget\" data-settings=\"{&quot;video_type&quot;:&quot;vimeo&quot;}\" data-widget_type=\"video.default\">\n\t\t\t\t<div class=\"elementor-widget-container\">\n\t\t\t\t\t\t\t<div class=\"elementor-wrapper elementor-open-inline\">\n\t\t\t<iframe class=\"elementor-video-iframe\" allowfullscreen allow=\"clipboard-write\" title=\"vimeo Video Player\" src=\"https:\/\/player.vimeo.com\/video\/1056429987?color&amp;autopause=0&amp;loop=0&amp;muted=0&amp;title=1&amp;portrait=1&amp;byline=1&amp;h=45a66b081b#t=\"><\/iframe>\t\t<\/div>\n\t\t\t\t\t\t<\/div>\n\t\t\t\t<\/div>\n\t\t\t\t<div class=\"elementor-element elementor-element-2ee912c0 elementor-widget elementor-widget-text-editor\" data-id=\"2ee912c0\" data-element_type=\"widget\" data-e-type=\"widget\" data-widget_type=\"text-editor.default\">\n\t\t\t\t<div class=\"elementor-widget-container\">\n\t\t\t\t\t\t\t\t\t<p style=\"text-align: center;\"><a href=\"https:\/\/azcces.info\/wp-content\/uploads\/2025\/02\/KSmart-QRC-How-to-Approve-Attendance-Transactions-AZ-Sp0225.pdf\" target=\"_blank\" rel=\"noreferrer noopener\" data-type=\"attachment\" data-id=\"3357\">Approving Attendance<\/a><\/p>\t\t\t\t\t\t\t\t<\/div>\n\t\t\t\t<\/div>\n\t\t\t\t<\/div>\n\t\t\t\t\t<\/div>\n\t\t<\/div>\n\t\t\t\t\t\t<\/div>\n\t\t\t\t<\/div>\n\t\t\t\t\t<\/div>\n\t\t\t\t<\/div>\n\t\t<div class=\"elementor-element elementor-element-615c02a0 e-flex e-con-boxed e-con e-parent\" data-id=\"615c02a0\" data-element_type=\"container\" data-e-type=\"container\">\n\t\t\t\t\t<div class=\"e-con-inner\">\n\t\t\t\t<div class=\"elementor-element elementor-element-12560394 elementor-widget elementor-widget-heading\" data-id=\"12560394\" data-element_type=\"widget\" data-e-type=\"widget\" data-widget_type=\"heading.default\">\n\t\t\t\t<div class=\"elementor-widget-container\">\n\t\t\t\t\t<h3 class=\"elementor-heading-title elementor-size-default\">Paso 5: Otras opciones del men\u00fa de KinderSmart<\/h3>\t\t\t\t<\/div>\n\t\t\t\t<\/div>\n\t\t\t\t<div class=\"elementor-element elementor-element-12ee7163 elementor-widget elementor-widget-text-editor\" data-id=\"12ee7163\" data-element_type=\"widget\" data-e-type=\"widget\" data-widget_type=\"text-editor.default\">\n\t\t\t\t<div class=\"elementor-widget-container\">\n\t\t\t\t\t\t\t\t\t<ul class=\"wp-block-list\"><li><a href=\"https:\/\/azcces.info\/wp-content\/uploads\/2024\/02\/KSmart-QRC-Signing-Children-In-and-Out-AZ-0224.pdf\" target=\"_blank\" rel=\"noreferrer noopener\" data-type=\"link\" data-id=\"https:\/\/azcces.info\/wp-content\/uploads\/2024\/02\/KSmart-QRC-Signing-Children-In-and-Out-AZ-0123.pdf\">Ingresar ausencias<\/a><\/li><li><a href=\"https:\/\/azcces.info\/wp-content\/uploads\/2024\/02\/KSmart-QRC-How-to-Review-Case-Authorizations-Information-AZ-0224.pdf\" target=\"_blank\" rel=\"noreferrer noopener\" data-type=\"link\" data-id=\"https:\/\/azcces.info\/wp-content\/uploads\/2024\/02\/KSmart-QRC-How-to-Review-Case-Authorizations-Information-AZ-0224.pdf\">Ver informaci\u00f3n del caso<\/a><\/li><li><a href=\"https:\/\/azcces.info\/wp-content\/uploads\/2024\/02\/KSmart-QRC-Messages-AZ-0224.pdf\" target=\"_blank\" rel=\"noreferrer noopener\" data-type=\"link\" data-id=\"https:\/\/azcces.info\/wp-content\/uploads\/2024\/02\/KSmart-QRC-Messages-AZ-0224.pdf\">Ver mensajes<\/a><\/li><li><a href=\"https:\/\/azcces.info\/wp-content\/uploads\/2024\/02\/KSmart-QRC-How-to-Approve-Attendance-Transactions-AZ-0224.pdf\" target=\"_blank\" rel=\"noreferrer noopener\" data-type=\"link\" data-id=\"https:\/\/azcces.info\/wp-content\/uploads\/2024\/02\/KSmart-QRC-How-to-Approve-Attendance-Transactions-AZ-0224.pdf\">Ver transacciones<\/a><\/li><\/ul>\t\t\t\t\t\t\t\t<\/div>\n\t\t\t\t<\/div>\n\t\t\t\t\t<\/div>\n\t\t\t\t<\/div>\n\t\t\t\t<\/div>\n\t\t","protected":false},"excerpt":{"rendered":"\u00a1Bienvenido al Sistema Electr\u00f3nico de Cuidado Infantil de Arizona (CCES)! \u00a1Sabemos que los padres de hoy viven en una era digital! A trav\u00e9s de la modernizaci\u00f3n de la tecnolog\u00eda y el Sistema Electr\u00f3nico de Cuidado Infantil, DES ayudar\u00e1 a las &hellip; ","protected":false},"author":9,"featured_media":0,"parent":0,"menu_order":0,"comment_status":"closed","ping_status":"closed","template":"elementor_theme","meta":{"footnotes":""},"class_list":["post-4414","page","type-page","status-publish","hentry"],"_links":{"self":[{"href":"https:\/\/azcces.info\/index.php\/wp-json\/wp\/v2\/pages\/4414","targetHints":{"allow":["GET"]}}],"collection":[{"href":"https:\/\/azcces.info\/index.php\/wp-json\/wp\/v2\/pages"}],"about":[{"href":"https:\/\/azcces.info\/index.php\/wp-json\/wp\/v2\/types\/page"}],"author":[{"embeddable":true,"href":"https:\/\/azcces.info\/index.php\/wp-json\/wp\/v2\/users\/9"}],"replies":[{"embeddable":true,"href":"https:\/\/azcces.info\/index.php\/wp-json\/wp\/v2\/comments?post=4414"}],"version-history":[{"count":22,"href":"https:\/\/azcces.info\/index.php\/wp-json\/wp\/v2\/pages\/4414\/revisions"}],"predecessor-version":[{"id":4638,"href":"https:\/\/azcces.info\/index.php\/wp-json\/wp\/v2\/pages\/4414\/revisions\/4638"}],"wp:attachment":[{"href":"https:\/\/azcces.info\/index.php\/wp-json\/wp\/v2\/media?parent=4414"}],"curies":[{"name":"wp","href":"https:\/\/api.w.org\/{rel}","templated":true}]}}