{"id":4432,"date":"2026-02-23T07:28:54","date_gmt":"2026-02-23T14:28:54","guid":{"rendered":"https:\/\/azcces.info\/?page_id=4432"},"modified":"2026-02-26T09:26:55","modified_gmt":"2026-02-26T16:26:55","slug":"ncrp-getting-started-spanish","status":"publish","type":"page","link":"https:\/\/azcces.info\/index.php\/ncrp-getting-started-spanish\/","title":{"rendered":"NCRP Getting Started (Spanish)"},"content":{"rendered":"\t\t<div data-elementor-type=\"wp-page\" data-elementor-id=\"4432\" class=\"elementor elementor-4432\">\n\t\t\t\t<div class=\"elementor-element elementor-element-6c8817b5 e-flex e-con-boxed e-con e-parent\" data-id=\"6c8817b5\" data-element_type=\"container\" data-e-type=\"container\">\n\t\t\t\t\t<div class=\"e-con-inner\">\n\t\t\t\t<div class=\"elementor-element elementor-element-6cd863a4 elementor-widget elementor-widget-heading\" data-id=\"6cd863a4\" data-element_type=\"widget\" data-e-type=\"widget\" data-widget_type=\"heading.default\">\n\t\t\t\t<div class=\"elementor-widget-container\">\n\t\t\t\t\t<h3 class=\"elementor-heading-title elementor-size-default\">\u00a1Bienvenido al Sistema Electr\u00f3nico de Cuidado Infantil de Arizona (CCES)!<\/h3>\t\t\t\t<\/div>\n\t\t\t\t<\/div>\n\t\t<div class=\"elementor-element elementor-element-ecb933f e-con-full e-flex e-con e-child\" data-id=\"ecb933f\" data-element_type=\"container\" data-e-type=\"container\">\n\t\t\t\t<div class=\"elementor-element elementor-element-dfd54d2 elementor-view-default elementor-widget elementor-widget-icon\" data-id=\"dfd54d2\" data-element_type=\"widget\" data-e-type=\"widget\" data-widget_type=\"icon.default\">\n\t\t\t\t<div class=\"elementor-widget-container\">\n\t\t\t\t\t\t\t<div class=\"elementor-icon-wrapper\">\n\t\t\t<a class=\"elementor-icon\" href=\"https:\/\/azcces.com\/kinderconnect\/\">\n\t\t\t<i aria-hidden=\"true\" class=\"tk tk-website\"><\/i>\t\t\t<\/a>\n\t\t<\/div>\n\t\t\t\t\t\t<\/div>\n\t\t\t\t<\/div>\n\t\t\t\t<div class=\"elementor-element elementor-element-ad8d131 elementor-widget elementor-widget-text-editor\" data-id=\"ad8d131\" data-element_type=\"widget\" data-e-type=\"widget\" data-widget_type=\"text-editor.default\">\n\t\t\t\t<div class=\"elementor-widget-container\">\n\t\t\t\t\t\t\t\t\t<p><a href=\"https:\/\/azcces.com\/kinderconnect\/\" target=\"_blank\" rel=\"noopener\">KinderConnect Arizona<\/a><\/p>\t\t\t\t\t\t\t\t<\/div>\n\t\t\t\t<\/div>\n\t\t\t\t<\/div>\n\t\t\t\t<div class=\"elementor-element elementor-element-34bcc5d elementor-widget elementor-widget-html\" data-id=\"34bcc5d\" data-element_type=\"widget\" data-e-type=\"widget\" data-widget_type=\"html.default\">\n\t\t\t\t<div class=\"elementor-widget-container\">\n\t\t\t\t\t<figure class=\"wp-block-table\"><table><tbody>\r\n\r\n\r\n\r\n<tr class=\"has-black-color has-text-color has-link-color\"><td width=\"25%\">2\/18\/2026<\/td><td width=\"75%\">Entrenamiento para proveedores de NCRP Ingl\u00e9s - Parte 2, de 6:00 pm a 7:30 pm\r\n<\/td><\/tr>\r\n\r\n<tr class=\"has-black-color has-text-color has-link-color\"><td width=\"25%\">2\/19\/2026<\/td><td width=\"75%\">Entrenamiento para proveedores de NCRP en espa\u00f1ol - Parte 2, de 6:00 pm a 7:30 pm\r\n<\/td><\/tr>\r\n\r\n\r\n\r\n<\/tbody><\/table><\/figure>\t\t\t\t<\/div>\n\t\t\t\t<\/div>\n\t\t\t\t<div class=\"elementor-element elementor-element-65ced103 elementor-widget elementor-widget-text-editor\" data-id=\"65ced103\" data-element_type=\"widget\" data-e-type=\"widget\" data-widget_type=\"text-editor.default\">\n\t\t\t\t<div class=\"elementor-widget-container\">\n\t\t\t\t\t\t\t\t\t<p>\u00a1Bienvenido Proveedor Nuevo! El CCES ofrecer\u00e1 a los proveedores de cuidado infantil contratados por el DES la capacidad de capturar los registros de entrada y salida de los cuidadores, padres y tutores, y someter las facturas al DES a trav\u00e9s de un proceso totalmente automatizado.<\/p><p>Esta p\u00e1gina proveer\u00e1 una introducci\u00f3n de c\u00f3mo funciona el nuevo sistema, le guiar\u00e1 a trav\u00e9s del proceso de registro, y demostrar\u00e1 c\u00f3mo ayudarle a sus adultos responsables para registrar la asistencia.<\/p>\t\t\t\t\t\t\t\t<\/div>\n\t\t\t\t<\/div>\n\t\t\t\t<div class=\"elementor-element elementor-element-59459712 elementor-widget-divider--view-line elementor-widget elementor-widget-divider\" data-id=\"59459712\" data-element_type=\"widget\" data-e-type=\"widget\" data-widget_type=\"divider.default\">\n\t\t\t\t<div class=\"elementor-widget-container\">\n\t\t\t\t\t\t\t<div class=\"elementor-divider\">\n\t\t\t<span class=\"elementor-divider-separator\">\n\t\t\t\t\t\t<\/span>\n\t\t<\/div>\n\t\t\t\t\t\t<\/div>\n\t\t\t\t<\/div>\n\t\t\t\t\t<\/div>\n\t\t\t\t<\/div>\n\t\t<div class=\"elementor-element elementor-element-7b39ad7d e-flex e-con-boxed e-con e-parent\" data-id=\"7b39ad7d\" data-element_type=\"container\" data-e-type=\"container\" data-settings=\"{&quot;background_background&quot;:&quot;classic&quot;}\">\n\t\t\t\t\t<div class=\"e-con-inner\">\n\t\t\t\t<div class=\"elementor-element elementor-element-2143944 elementor-widget elementor-widget-heading\" data-id=\"2143944\" data-element_type=\"widget\" data-e-type=\"widget\" data-widget_type=\"heading.default\">\n\t\t\t\t<div class=\"elementor-widget-container\">\n\t\t\t\t\t<h3 class=\"elementor-heading-title elementor-size-default\">Paso 1: Introducci\u00f3n<\/h3>\t\t\t\t<\/div>\n\t\t\t\t<\/div>\n\t\t\t\t<div class=\"elementor-element elementor-element-472b99de elementor-widget elementor-widget-video\" data-id=\"472b99de\" data-element_type=\"widget\" data-e-type=\"widget\" data-settings=\"{&quot;video_type&quot;:&quot;vimeo&quot;}\" data-widget_type=\"video.default\">\n\t\t\t\t<div class=\"elementor-widget-container\">\n\t\t\t\t\t\t\t<div class=\"elementor-wrapper elementor-open-inline\">\n\t\t\t<iframe class=\"elementor-video-iframe\" allowfullscreen allow=\"clipboard-write\" title=\"vimeo Video Player\" src=\"https:\/\/player.vimeo.com\/video\/995925294?color&amp;autopause=0&amp;loop=0&amp;muted=0&amp;title=1&amp;portrait=1&amp;byline=1&amp;h=9f9bdb2d07#t=\"><\/iframe>\t\t<\/div>\n\t\t\t\t\t\t<\/div>\n\t\t\t\t<\/div>\n\t\t\t\t<div class=\"elementor-element elementor-element-4e74ca6e elementor-widget elementor-widget-spacer\" data-id=\"4e74ca6e\" data-element_type=\"widget\" data-e-type=\"widget\" data-widget_type=\"spacer.default\">\n\t\t\t\t<div class=\"elementor-widget-container\">\n\t\t\t\t\t\t\t<div class=\"elementor-spacer\">\n\t\t\t<div class=\"elementor-spacer-inner\"><\/div>\n\t\t<\/div>\n\t\t\t\t\t\t<\/div>\n\t\t\t\t<\/div>\n\t\t\t\t\t<\/div>\n\t\t\t\t<\/div>\n\t\t<div class=\"elementor-element elementor-element-687adfaf e-flex e-con-boxed e-con e-parent\" data-id=\"687adfaf\" data-element_type=\"container\" data-e-type=\"container\" data-settings=\"{&quot;background_background&quot;:&quot;classic&quot;}\">\n\t\t\t\t\t<div class=\"e-con-inner\">\n\t\t\t\t<div class=\"elementor-element elementor-element-3a4490e0 elementor-widget elementor-widget-heading\" data-id=\"3a4490e0\" data-element_type=\"widget\" data-e-type=\"widget\" data-widget_type=\"heading.default\">\n\t\t\t\t<div class=\"elementor-widget-container\">\n\t\t\t\t\t<h3 class=\"elementor-heading-title elementor-size-default\">Paso 2: C\u00f3digo de Verificaci\u00f3n (PIN)<\/h3>\t\t\t\t<\/div>\n\t\t\t\t<\/div>\n\t\t\t\t<div class=\"elementor-element elementor-element-5c5d9f2d elementor-widget elementor-widget-text-editor\" data-id=\"5c5d9f2d\" data-element_type=\"widget\" data-e-type=\"widget\" data-widget_type=\"text-editor.default\">\n\t\t\t\t<div class=\"elementor-widget-container\">\n\t\t\t\t\t\t\t\t\t<p>Despu\u00e9s de firmar su acuerdo de participaci\u00f3n, DES le enviar\u00e1 la informaci\u00f3n de verificaci\u00f3n necesaria para registrar su cuenta de KinderConnect.<\/p>\t\t\t\t\t\t\t\t<\/div>\n\t\t\t\t<\/div>\n\t\t\t\t\t<\/div>\n\t\t\t\t<\/div>\n\t\t<div class=\"elementor-element elementor-element-694dde41 e-flex e-con-boxed e-con e-parent\" data-id=\"694dde41\" data-element_type=\"container\" data-e-type=\"container\" data-settings=\"{&quot;background_background&quot;:&quot;classic&quot;}\">\n\t\t\t\t\t<div class=\"e-con-inner\">\n\t\t\t\t<div class=\"elementor-element elementor-element-2228c2ab elementor-widget elementor-widget-heading\" data-id=\"2228c2ab\" data-element_type=\"widget\" data-e-type=\"widget\" data-widget_type=\"heading.default\">\n\t\t\t\t<div class=\"elementor-widget-container\">\n\t\t\t\t\t<h3 class=\"elementor-heading-title elementor-size-default\">Paso 3: Registro en KinderConnect<\/h3>\t\t\t\t<\/div>\n\t\t\t\t<\/div>\n\t\t\t\t<div class=\"elementor-element elementor-element-3241afaa elementor-widget elementor-widget-text-editor\" data-id=\"3241afaa\" data-element_type=\"widget\" data-e-type=\"widget\" data-widget_type=\"text-editor.default\">\n\t\t\t\t<div class=\"elementor-widget-container\">\n\t\t\t\t\t\t\t\t\t<p>Una vez que reciba su ID de Proveedor DES y el c\u00f3digo de verificaci\u00f3n, estar\u00e1 listo para completar el registro en KinderConnect. Utilice la gu\u00eda y el v\u00eddeo siguientes.\u200b<\/p>\t\t\t\t\t\t\t\t<\/div>\n\t\t\t\t<\/div>\n\t\t\t\t<div class=\"elementor-element elementor-element-4a5ff424 elementor-widget elementor-widget-video\" data-id=\"4a5ff424\" data-element_type=\"widget\" data-e-type=\"widget\" data-settings=\"{&quot;video_type&quot;:&quot;vimeo&quot;}\" data-widget_type=\"video.default\">\n\t\t\t\t<div class=\"elementor-widget-container\">\n\t\t\t\t\t\t\t<div class=\"elementor-wrapper elementor-open-inline\">\n\t\t\t<iframe class=\"elementor-video-iframe\" allowfullscreen allow=\"clipboard-write\" title=\"vimeo Video Player\" src=\"https:\/\/player.vimeo.com\/video\/995866580?color&amp;autopause=0&amp;loop=0&amp;muted=0&amp;title=1&amp;portrait=0&amp;byline=0&amp;h=0643bafa68#t=\"><\/iframe>\t\t<\/div>\n\t\t\t\t\t\t<\/div>\n\t\t\t\t<\/div>\n\t\t\t\t<div class=\"elementor-element elementor-element-602f08ed elementor-widget elementor-widget-text-editor\" data-id=\"602f08ed\" data-element_type=\"widget\" data-e-type=\"widget\" data-widget_type=\"text-editor.default\">\n\t\t\t\t<div class=\"elementor-widget-container\">\n\t\t\t\t\t\t\t\t\t<p><a href=\"https:\/\/azcces.info\/wp-content\/uploads\/2024\/02\/KC-QRC-Initial-Provider-Registration-AZ-0224Sp.pdf\" target=\"_blank\" rel=\"noopener\">Registro de proveedores en KinderConnect<\/a><\/p>\t\t\t\t\t\t\t\t<\/div>\n\t\t\t\t<\/div>\n\t\t\t\t\t<\/div>\n\t\t\t\t<\/div>\n\t\t<div class=\"elementor-element elementor-element-afe6ea4 e-flex e-con-boxed e-con e-parent\" data-id=\"afe6ea4\" data-element_type=\"container\" data-e-type=\"container\" id=\"next\">\n\t\t\t\t\t<div class=\"e-con-inner\">\n\t\t\t\t<div class=\"elementor-element elementor-element-36e2e5 elementor-widget elementor-widget-heading\" data-id=\"36e2e5\" data-element_type=\"widget\" data-e-type=\"widget\" data-widget_type=\"heading.default\">\n\t\t\t\t<div class=\"elementor-widget-container\">\n\t\t\t\t\t<h3 class=\"elementor-heading-title elementor-size-default\">Paso 4: Informaci\u00f3n de Registro del Adulto Responsable<\/h3>\t\t\t\t<\/div>\n\t\t\t\t<\/div>\n\t\t\t\t<div class=\"elementor-element elementor-element-86ad4de elementor-widget elementor-widget-text-editor\" data-id=\"86ad4de\" data-element_type=\"widget\" data-e-type=\"widget\" data-widget_type=\"text-editor.default\">\n\t\t\t\t<div class=\"elementor-widget-container\">\n\t\t\t\t\t\t\t\t\t<p>Despu\u00e9s de crear su cuenta, informe a los padres y adultos responsables que configuren KinderSmart y\/o KinderSign para grabar la asistencia. Por favor, revise los detalles de ambos en los paneles de abajo y seleccione el\/los m\u00e9todo\/s que funcione mejor.<\/p>\t\t\t\t\t\t\t\t<\/div>\n\t\t\t\t<\/div>\n\t\t\t\t<div class=\"elementor-element elementor-element-758ec311 thim-widget-tab e-n-tabs-tablet elementor-widget elementor-widget-n-tabs\" data-id=\"758ec311\" data-element_type=\"widget\" data-e-type=\"widget\" data-settings=\"{&quot;tabs_justify_horizontal&quot;:&quot;stretch&quot;,&quot;horizontal_scroll&quot;:&quot;disable&quot;}\" data-widget_type=\"nested-tabs.default\">\n\t\t\t\t<div class=\"elementor-widget-container\">\n\t\t\t\t\t\t\t<div class=\"e-n-tabs\" data-widget-number=\"1972290321\" aria-label=\"Tabs. Open items with Enter or Space, close with Escape and navigate using the Arrow keys.\">\n\t\t\t<div class=\"e-n-tabs-heading\" role=\"tablist\">\n\t\t\t\t\t<button id=\"e-n-tab-title-19722903211\" data-tab-title-id=\"e-n-tab-title-19722903211\" class=\"e-n-tab-title\" aria-selected=\"true\" data-tab-index=\"1\" role=\"tab\" tabindex=\"0\" aria-controls=\"e-n-tab-content-19722903211\" style=\"--n-tabs-title-order: 1;\">\n\t\t\t\t\t\t<span class=\"e-n-tab-title-text\">\n\t\t\t\tKinderSmart (El adulto responsable utiliza su propio tel\u00e9fono)\t\t\t<\/span>\n\t\t<\/button>\n\t\t\t\t<button id=\"e-n-tab-title-19722903212\" data-tab-title-id=\"e-n-tab-title-19722903212\" class=\"e-n-tab-title\" aria-selected=\"false\" data-tab-index=\"2\" role=\"tab\" tabindex=\"-1\" aria-controls=\"e-n-tab-content-19722903212\" style=\"--n-tabs-title-order: 2;\">\n\t\t\t\t\t\t<span class=\"e-n-tab-title-text\">\n\t\t\t\tKinderSign (El adulto responsable utiliza la tableta del proveedor)\t\t\t<\/span>\n\t\t<\/button>\n\t\t\t\t\t<\/div>\n\t\t\t<div class=\"e-n-tabs-content\">\n\t\t\t\t<div id=\"e-n-tab-content-19722903211\" role=\"tabpanel\" aria-labelledby=\"e-n-tab-title-19722903211\" data-tab-index=\"1\" style=\"--n-tabs-title-order: 1;\" class=\"e-active elementor-element elementor-element-254f6ea e-con-full e-flex e-con e-child\" data-id=\"254f6ea\" data-element_type=\"container\" data-e-type=\"container\">\n\t\t<div class=\"elementor-element elementor-element-8cc3581 e-flex e-con-boxed e-con e-child\" data-id=\"8cc3581\" data-element_type=\"container\" data-e-type=\"container\">\n\t\t\t\t\t<div class=\"e-con-inner\">\n\t\t\t\t<div class=\"elementor-element elementor-element-4f2486e1 elementor-widget elementor-widget-text-editor\" data-id=\"4f2486e1\" data-element_type=\"widget\" data-e-type=\"widget\" data-widget_type=\"text-editor.default\">\n\t\t\t\t<div class=\"elementor-widget-container\">\n\t\t\t\t\t\t\t\t\t<p><strong>Los Adultos Responsables Utilizan sus Tel\u00e9fonos Personales<\/strong><\/p><p><strong>Paso 1<\/strong>: <a href=\"https:\/\/azcces.info\/wp-content\/uploads\/2024\/06\/KSmart-QRC-Sponsor-Registration-AZ-Sp0224.pdf\" target=\"_blank\" rel=\"noopener\">Imprimir el Registro de KinderSmart por cada Adulto Responsable<\/a><\/p><p>Para que los adultos personales puedan registrar la asistencia mediante sus tel\u00e9fonos, deber\u00e1 proveer un Formulario de Registro de KinderSmart para cada adulto responsable individual e imprimir la Hoja de Registro M\u00f3vil del Proveedor que todos los adultos responsables compartir\u00e1n desde su cuenta de KinderConnect. Siga las instrucciones a continuaci\u00f3n.<\/p>\t\t\t\t\t\t\t\t<\/div>\n\t\t\t\t<\/div>\n\t\t\t\t<div class=\"elementor-element elementor-element-3df13725 elementor-widget elementor-widget-video\" data-id=\"3df13725\" data-element_type=\"widget\" data-e-type=\"widget\" data-settings=\"{&quot;video_type&quot;:&quot;vimeo&quot;}\" data-widget_type=\"video.default\">\n\t\t\t\t<div class=\"elementor-widget-container\">\n\t\t\t\t\t\t\t<div class=\"elementor-wrapper elementor-open-inline\">\n\t\t\t<iframe class=\"elementor-video-iframe\" allowfullscreen allow=\"clipboard-write\" title=\"vimeo Video Player\" src=\"https:\/\/player.vimeo.com\/video\/1043664429?color&amp;autopause=0&amp;loop=0&amp;muted=0&amp;title=1&amp;portrait=0&amp;byline=0&amp;h=2cd6187533#t=\"><\/iframe>\t\t<\/div>\n\t\t\t\t\t\t<\/div>\n\t\t\t\t<\/div>\n\t\t\t\t<div class=\"elementor-element elementor-element-33c15e20 elementor-widget elementor-widget-text-editor\" data-id=\"33c15e20\" data-element_type=\"widget\" data-e-type=\"widget\" data-widget_type=\"text-editor.default\">\n\t\t\t\t<div class=\"elementor-widget-container\">\n\t\t\t\t\t\t\t\t\t<p><strong>Paso 2<\/strong>: <a href=\"https:\/\/azcces.info\/wp-content\/uploads\/2024\/02\/KC-QRC-Printing-Provider-Mobile-Sign-In-Sheet-for-KSmart-AZ-0224Sp.pdf\" target=\"_blank\" rel=\"noopener\">Imprimir la Hoja de Entrada M\u00f3vil del Proveedor<\/a><\/p>\t\t\t\t\t\t\t\t<\/div>\n\t\t\t\t<\/div>\n\t\t\t\t<div class=\"elementor-element elementor-element-1e0df6d4 elementor-widget elementor-widget-video\" data-id=\"1e0df6d4\" data-element_type=\"widget\" data-e-type=\"widget\" data-settings=\"{&quot;video_type&quot;:&quot;vimeo&quot;}\" data-widget_type=\"video.default\">\n\t\t\t\t<div class=\"elementor-widget-container\">\n\t\t\t\t\t\t\t<div class=\"elementor-wrapper elementor-open-inline\">\n\t\t\t<iframe class=\"elementor-video-iframe\" allowfullscreen allow=\"clipboard-write\" title=\"vimeo Video Player\" src=\"https:\/\/player.vimeo.com\/video\/1000895459?color&amp;autopause=0&amp;loop=0&amp;muted=0&amp;title=1&amp;portrait=0&amp;byline=0&amp;h=87bdb991a8#t=\"><\/iframe>\t\t<\/div>\n\t\t\t\t\t\t<\/div>\n\t\t\t\t<\/div>\n\t\t\t\t<div class=\"elementor-element elementor-element-2625a992 elementor-widget elementor-widget-text-editor\" data-id=\"2625a992\" data-element_type=\"widget\" data-e-type=\"widget\" data-widget_type=\"text-editor.default\">\n\t\t\t\t<div class=\"elementor-widget-container\">\n\t\t\t\t\t\t\t\t\t<p><a href=\"https:\/\/azcces.info\/wp-content\/uploads\/2024\/02\/KSmart-QRC-Sponsor-registration-to-iPhone-AZ-Sp0224-1.pdf\" target=\"_blank\" rel=\"noopener\">Registro de KSmart para Adultos Responsables para iPhone<\/a> | <a href=\"https:\/\/azcces.info\/wp-content\/uploads\/2024\/02\/KSmart-QRC-Sponsor-registration-to-Android-Phone-AZ-Sp0224-1.pdf\" target=\"_blank\" rel=\"noopener\">Registro de KSmart para Adultos Responsables para Android<\/a><\/p><p><a href=\"https:\/\/azcces.info\/wp-content\/uploads\/2024\/02\/Sponsor-Information-KinderSmart-Spanish.pdf\" target=\"_blank\" rel=\"noopener\">Informaci\u00f3n de KinderSmart para Padres<\/a><\/p>\t\t\t\t\t\t\t\t<\/div>\n\t\t\t\t<\/div>\n\t\t\t\t\t<\/div>\n\t\t\t\t<\/div>\n\t\t\t\t<\/div>\n\t\t<div id=\"e-n-tab-content-19722903212\" role=\"tabpanel\" aria-labelledby=\"e-n-tab-title-19722903212\" data-tab-index=\"2\" style=\"--n-tabs-title-order: 2;\" class=\" elementor-element elementor-element-22a51421 e-con-full e-flex e-con e-child\" data-id=\"22a51421\" data-element_type=\"container\" data-e-type=\"container\">\n\t\t<div class=\"elementor-element elementor-element-2ed2d465 e-flex e-con-boxed e-con e-child\" data-id=\"2ed2d465\" data-element_type=\"container\" data-e-type=\"container\">\n\t\t\t\t\t<div class=\"e-con-inner\">\n\t\t\t\t<div class=\"elementor-element elementor-element-7826935d elementor-widget elementor-widget-text-editor\" data-id=\"7826935d\" data-element_type=\"widget\" data-e-type=\"widget\" data-widget_type=\"text-editor.default\">\n\t\t\t\t<div class=\"elementor-widget-container\">\n\t\t\t\t\t\t\t\t\t<p><strong>Los Adultos Responsables Utilizan la Tableta Personal de los Proveedores<\/strong><\/p><p>Para que los adultos responsables puedan registrar la asistencia utilizando la tableta, deber\u00e1 registrar cada tableta una sola vez. Si va a utilizar una tableta personal, deber\u00e1 descargar la aplicaci\u00f3n KinderSign antes de registrar la tableta. Para m\u00e1s informaci\u00f3n sobre c\u00f3mo descargar la aplicaci\u00f3n KinderSign, haga clic <a href=\"https:\/\/azcces.info\/wp-content\/uploads\/2023\/04\/KSign-QRC-Download-App-to-Android-Tablet-AZ-Sp0123.pdf\" target=\"_blank\" rel=\"noopener\">aqu\u00ed<\/a>.<\/p><p>Para registrar la tableta, deber\u00e1 seguir los pasos tanto de KinderConnect como de KinderSign. Para registrar su tableta, mire el video a continuaci\u00f3n o acceda a las instrucciones escritas debajo del video.<\/p>\t\t\t\t\t\t\t\t<\/div>\n\t\t\t\t<\/div>\n\t\t\t\t<div class=\"elementor-element elementor-element-b825121 elementor-widget elementor-widget-video\" data-id=\"b825121\" data-element_type=\"widget\" data-e-type=\"widget\" data-settings=\"{&quot;video_type&quot;:&quot;vimeo&quot;}\" data-widget_type=\"video.default\">\n\t\t\t\t<div class=\"elementor-widget-container\">\n\t\t\t\t\t\t\t<div class=\"elementor-wrapper elementor-open-inline\">\n\t\t\t<iframe class=\"elementor-video-iframe\" allowfullscreen allow=\"clipboard-write\" title=\"vimeo Video Player\" src=\"https:\/\/player.vimeo.com\/video\/995876836?color&amp;autopause=0&amp;loop=0&amp;muted=0&amp;title=1&amp;portrait=0&amp;byline=0&amp;h=6cbe0a6076#t=\"><\/iframe>\t\t<\/div>\n\t\t\t\t\t\t<\/div>\n\t\t\t\t<\/div>\n\t\t\t\t<div class=\"elementor-element elementor-element-4b904575 elementor-widget elementor-widget-text-editor\" data-id=\"4b904575\" data-element_type=\"widget\" data-e-type=\"widget\" data-widget_type=\"text-editor.default\">\n\t\t\t\t<div class=\"elementor-widget-container\">\n\t\t\t\t\t\t\t\t\t<p><a href=\"https:\/\/azcces.info\/wp-content\/uploads\/2024\/07\/KSign-QRC-Provider-Device-Registration-AZ-Sp0724.pdf\" target=\"_blank\" rel=\"noopener\">Registro de Dispositivo del Proveedor<\/a><\/p>\t\t\t\t\t\t\t\t<\/div>\n\t\t\t\t<\/div>\n\t\t\t\t\t<\/div>\n\t\t\t\t<\/div>\n\t\t\t\t<\/div>\n\t\t\t\t\t<\/div>\n\t\t<\/div>\n\t\t\t\t\t\t<\/div>\n\t\t\t\t<\/div>\n\t\t\t\t\t<\/div>\n\t\t\t\t<\/div>\n\t\t<div class=\"elementor-element elementor-element-7aba4caa e-flex e-con-boxed e-con e-parent\" data-id=\"7aba4caa\" data-element_type=\"container\" data-e-type=\"container\" data-settings=\"{&quot;background_background&quot;:&quot;classic&quot;}\">\n\t\t\t\t\t<div class=\"e-con-inner\">\n\t\t\t\t<div class=\"elementor-element elementor-element-6d619f4e elementor-widget elementor-widget-heading\" data-id=\"6d619f4e\" data-element_type=\"widget\" data-e-type=\"widget\" data-widget_type=\"heading.default\">\n\t\t\t\t<div class=\"elementor-widget-container\">\n\t\t\t\t\t<h3 class=\"elementor-heading-title elementor-size-default\">Paso 5: Enviar Asistencia a DES<\/h3>\t\t\t\t<\/div>\n\t\t\t\t<\/div>\n\t\t\t\t<div class=\"elementor-element elementor-element-2178900c elementor-widget elementor-widget-text-editor\" data-id=\"2178900c\" data-element_type=\"widget\" data-e-type=\"widget\" data-widget_type=\"text-editor.default\">\n\t\t\t\t<div class=\"elementor-widget-container\">\n\t\t\t\t\t\t\t\t\t<p>Los proveedores deben revisar las entradas de asistencia a lo largo del mes. Los proveedores deber\u00e1n corregir, a\u00f1adir ausencias o faltas de asistencia, antes de someter la asistencia para su pago. La asistencia puede someterse una vez completado el periodo de servicio mensual.<\/p>\t\t\t\t\t\t\t\t<\/div>\n\t\t\t\t<\/div>\n\t\t\t\t<div class=\"elementor-element elementor-element-40939380 elementor-widget elementor-widget-video\" data-id=\"40939380\" data-element_type=\"widget\" data-e-type=\"widget\" data-settings=\"{&quot;video_type&quot;:&quot;vimeo&quot;}\" data-widget_type=\"video.default\">\n\t\t\t\t<div class=\"elementor-widget-container\">\n\t\t\t\t\t\t\t<div class=\"elementor-wrapper elementor-open-inline\">\n\t\t\t<iframe class=\"elementor-video-iframe\" allowfullscreen allow=\"clipboard-write\" title=\"vimeo Video Player\" src=\"https:\/\/player.vimeo.com\/video\/995876836?color&amp;autopause=0&amp;loop=0&amp;muted=0&amp;title=1&amp;portrait=0&amp;byline=0&amp;h=6cbe0a6076#t=\"><\/iframe>\t\t<\/div>\n\t\t\t\t\t\t<\/div>\n\t\t\t\t<\/div>\n\t\t\t\t<div class=\"elementor-element elementor-element-21d7ffaf elementor-widget elementor-widget-text-editor\" data-id=\"21d7ffaf\" data-element_type=\"widget\" data-e-type=\"widget\" data-widget_type=\"text-editor.default\">\n\t\t\t\t<div class=\"elementor-widget-container\">\n\t\t\t\t\t\t\t\t\t<p><a href=\"https:\/\/azcces.info\/wp-content\/uploads\/2024\/03\/KC-QRC-Correct-Incomplete-Attendance-AZ-0324Sp.pdf\" target=\"_blank\" rel=\"noopener\">Corregir Asistencia<\/a><\/p><p><a href=\"https:\/\/azcces.info\/wp-content\/uploads\/2024\/06\/KC-QRC-Registrar-Ausencia-TX-0423.pdf\" target=\"_blank\" rel=\"noopener\">Registrar Ausencias<\/a><\/p><p><a href=\"https:\/\/azcces.info\/wp-content\/uploads\/2024\/02\/KC-QRC-Submit-Attendance-AZ-0224Sp.pdf\" target=\"_blank\" rel=\"noopener\">Someter Asistencia<\/a><\/p>\t\t\t\t\t\t\t\t<\/div>\n\t\t\t\t<\/div>\n\t\t\t\t\t<\/div>\n\t\t\t\t<\/div>\n\t\t<div class=\"elementor-element elementor-element-14c908e8 e-flex e-con-boxed e-con e-parent\" data-id=\"14c908e8\" data-element_type=\"container\" data-e-type=\"container\" data-settings=\"{&quot;background_background&quot;:&quot;classic&quot;}\">\n\t\t\t\t\t<div class=\"e-con-inner\">\n\t\t\t\t<div class=\"elementor-element elementor-element-27c94578 elementor-widget elementor-widget-heading\" data-id=\"27c94578\" data-element_type=\"widget\" data-e-type=\"widget\" data-widget_type=\"heading.default\">\n\t\t\t\t<div class=\"elementor-widget-container\">\n\t\t\t\t\t<h3 class=\"elementor-heading-title elementor-size-default\"><a href=\"https:\/\/azcces.info\/index.php\/frequently-asked-questions\/\">Step 5:  Provider FAQs<\/a><\/h3>\t\t\t\t<\/div>\n\t\t\t\t<\/div>\n\t\t\t\t\t<\/div>\n\t\t\t\t<\/div>\n\t\t<div class=\"elementor-element elementor-element-3dc0e694 e-flex e-con-boxed e-con e-parent\" data-id=\"3dc0e694\" data-element_type=\"container\" data-e-type=\"container\">\n\t\t\t\t\t<div class=\"e-con-inner\">\n\t\t\t\t<div class=\"elementor-element elementor-element-667deb79 elementor-widget elementor-widget-spacer\" data-id=\"667deb79\" data-element_type=\"widget\" data-e-type=\"widget\" data-widget_type=\"spacer.default\">\n\t\t\t\t<div class=\"elementor-widget-container\">\n\t\t\t\t\t\t\t<div class=\"elementor-spacer\">\n\t\t\t<div class=\"elementor-spacer-inner\"><\/div>\n\t\t<\/div>\n\t\t\t\t\t\t<\/div>\n\t\t\t\t<\/div>\n\t\t\t\t<div class=\"elementor-element elementor-element-72ed0ee elementor-widget elementor-widget-spacer\" data-id=\"72ed0ee\" data-element_type=\"widget\" data-e-type=\"widget\" data-widget_type=\"spacer.default\">\n\t\t\t\t<div class=\"elementor-widget-container\">\n\t\t\t\t\t\t\t<div class=\"elementor-spacer\">\n\t\t\t<div class=\"elementor-spacer-inner\"><\/div>\n\t\t<\/div>\n\t\t\t\t\t\t<\/div>\n\t\t\t\t<\/div>\n\t\t\t\t\t<\/div>\n\t\t\t\t<\/div>\n\t\t\t\t<\/div>\n\t\t","protected":false},"excerpt":{"rendered":"\u00a1Bienvenido al Sistema Electr\u00f3nico de Cuidado Infantil de Arizona (CCES)! KinderConnect Arizona 2\/18\/2026 Entrenamiento para proveedores de NCRP Ingl\u00e9s - Parte 2, de 6:00 pm a 7:30 pm 2\/19\/2026 Entrenamiento para proveedores de NCRP en espa\u00f1ol - Parte 2, de &hellip; ","protected":false},"author":9,"featured_media":0,"parent":0,"menu_order":0,"comment_status":"closed","ping_status":"closed","template":"elementor_theme","meta":{"footnotes":""},"class_list":["post-4432","page","type-page","status-publish","hentry"],"_links":{"self":[{"href":"https:\/\/azcces.info\/index.php\/wp-json\/wp\/v2\/pages\/4432","targetHints":{"allow":["GET"]}}],"collection":[{"href":"https:\/\/azcces.info\/index.php\/wp-json\/wp\/v2\/pages"}],"about":[{"href":"https:\/\/azcces.info\/index.php\/wp-json\/wp\/v2\/types\/page"}],"author":[{"embeddable":true,"href":"https:\/\/azcces.info\/index.php\/wp-json\/wp\/v2\/users\/9"}],"replies":[{"embeddable":true,"href":"https:\/\/azcces.info\/index.php\/wp-json\/wp\/v2\/comments?post=4432"}],"version-history":[{"count":31,"href":"https:\/\/azcces.info\/index.php\/wp-json\/wp\/v2\/pages\/4432\/revisions"}],"predecessor-version":[{"id":4788,"href":"https:\/\/azcces.info\/index.php\/wp-json\/wp\/v2\/pages\/4432\/revisions\/4788"}],"wp:attachment":[{"href":"https:\/\/azcces.info\/index.php\/wp-json\/wp\/v2\/media?parent=4432"}],"curies":[{"name":"wp","href":"https:\/\/api.w.org\/{rel}","templated":true}]}}