{"id":4958,"date":"2026-03-13T06:51:19","date_gmt":"2026-03-13T13:51:19","guid":{"rendered":"https:\/\/azcces.info\/?page_id=4958"},"modified":"2026-03-13T06:52:21","modified_gmt":"2026-03-13T13:52:21","slug":"kinderconnect-qrcs","status":"publish","type":"page","link":"https:\/\/azcces.info\/index.php\/kinderconnect-qrcs\/","title":{"rendered":"KinderConnect QRCs"},"content":{"rendered":"\t\t<div data-elementor-type=\"wp-page\" data-elementor-id=\"4958\" class=\"elementor elementor-4958\">\n\t\t\t\t<div class=\"elementor-element elementor-element-2596ff6c e-flex e-con-boxed e-con e-parent\" data-id=\"2596ff6c\" data-element_type=\"container\" data-e-type=\"container\">\n\t\t\t\t\t<div class=\"e-con-inner\">\n\t\t<div class=\"elementor-element elementor-element-58e264dd e-con-full e-flex e-con e-child\" data-id=\"58e264dd\" data-element_type=\"container\" data-e-type=\"container\">\n\t\t\t\t<div class=\"elementor-element elementor-element-1e3a199e elementor-widget elementor-widget-heading\" data-id=\"1e3a199e\" data-element_type=\"widget\" data-e-type=\"widget\" data-widget_type=\"heading.default\">\n\t\t\t\t<div class=\"elementor-widget-container\">\n\t\t\t\t\t<h2 class=\"elementor-heading-title elementor-size-default\">English<\/h2>\t\t\t\t<\/div>\n\t\t\t\t<\/div>\n\t\t\t\t<div class=\"elementor-element elementor-element-41a9b74f elementor-widget elementor-widget-text-editor\" data-id=\"41a9b74f\" data-element_type=\"widget\" data-e-type=\"widget\" data-widget_type=\"text-editor.default\">\n\t\t\t\t<div class=\"elementor-widget-container\">\n\t\t\t\t\t\t\t\t\t<ul><li><a href=\"https:\/\/azcces.info\/wp-content\/uploads\/2025\/02\/KC-QRC-Initial-Provider-Registration-AZ-0125.pdf\" target=\"_blank\" rel=\"noopener\">How do I register for KinderConnect?<\/a><\/li><li><a href=\"https:\/\/azcces.info\/wp-content\/uploads\/2024\/02\/KC-QRC-User-Login-AZ-0224.pdf\" target=\"_blank\" rel=\"noopener\">How do I login to KinderConnect?<\/a><\/li><li><a href=\"https:\/\/azcces.info\/wp-content\/uploads\/2024\/02\/KC-QRC-Operator-Search-AZ-0224.pdf\" target=\"_blank\" rel=\"noopener\">How do I search for an Operator?<\/a><\/li><li><a href=\"https:\/\/azcces.info\/wp-content\/uploads\/2025\/02\/KC-QRC-Sponsor-Search-AZ-0125.pdf\" target=\"_blank\" rel=\"noopener\">How do I search for a Sponsor?<\/a><\/li><li><a href=\"https:\/\/azcces.info\/wp-content\/uploads\/2024\/02\/KC-QRC-Printing-and-Exporting-Attendance-Data-AZ-0224.pdf\" target=\"_blank\" rel=\"noopener\">How do I print and export attendance data?<\/a><\/li><li><a href=\"https:\/\/azcces.info\/wp-content\/uploads\/2024\/02\/KC-QRC-Reset-Password-AZ-0224.pdf\" target=\"_blank\" rel=\"noopener\">How can I reset my password within KinderConnect?<\/a><\/li><li><a href=\"https:\/\/azcces.info\/wp-content\/uploads\/2025\/01\/KC-QRC-Search-for-Child-Details-AZ-0125.pdf\" target=\"_blank\" rel=\"noopener\">How do I search for Child details?<\/a><\/li><li><a href=\"https:\/\/azcces.info\/wp-content\/uploads\/2025\/02\/KC-QRC-NCRP-Submit-Attendance-AZ-0225.pdf\" target=\"_blank\" rel=\"noopener\">How do I submit attendance in KinderConnect?<\/a><\/li><li><a href=\"https:\/\/azcces.info\/wp-content\/uploads\/2024\/02\/KC-QRC-View-Cases-Authorizations-AZ-0224.pdf\" target=\"_blank\" rel=\"noopener\">How do I view cases?<\/a><\/li><li><a href=\"https:\/\/azcces.info\/wp-content\/uploads\/2025\/02\/KC-QRC-Correct-Incomplete-Attendance-AZ-0225.pdf\" target=\"_blank\" rel=\"noopener\">How do I correct attendance?<\/a><\/li><li><a href=\"https:\/\/azcces.info\/wp-content\/uploads\/2024\/02\/KC-QRC-Add-or-Edit-Telephone-to-Caretaker-Sponsor-AZ-0224.pdf\" target=\"_blank\" rel=\"noopener\">How do I add\/edit a Sponsor&#8217;s phone number?<\/a><\/li><li><a href=\"https:\/\/azcces.info\/wp-content\/uploads\/2024\/02\/KC-QRC-Printing-Provider-Mobile-Sign-In-Sheet-for-KSmart-AZ-0224-1.pdf\" target=\"_blank\" rel=\"noopener\">How do I print the Provider Mobile Sign in Sheet?<\/a><\/li><li><a href=\"https:\/\/azcces.info\/wp-content\/uploads\/2025\/02\/KC-QRC-Backdating-Attendance-AZ-0225.pdf\" target=\"_blank\" rel=\"noopener\">How do I backdate attendance?<\/a><\/li><li><a href=\"https:\/\/azcces.info\/wp-content\/uploads\/2024\/04\/KC-QRC-Operator-Forgets-Password-AZ-0224.pdf\" target=\"_blank\" rel=\"noopener\">How can I reset my password using my email address?<\/a><\/li><li><a href=\"https:\/\/azcces.info\/wp-content\/uploads\/2025\/04\/KC-QRC-View-Transactions-AZ-0224.pdf\" target=\"_blank\" rel=\"noopener\">How do I view and export attendance transactions?<\/a><\/li><li><a href=\"https:\/\/azcces.info\/wp-content\/uploads\/2025\/11\/KC-QRC-Provider-Documents-AZ-1224-2.pdf\" target=\"_blank\" rel=\"noopener\">How do I add Provider documents?<\/a><\/li><\/ul>\t\t\t\t\t\t\t\t<\/div>\n\t\t\t\t<\/div>\n\t\t\t\t<\/div>\n\t\t<div class=\"elementor-element elementor-element-415c44d3 e-con-full e-flex e-con e-child\" data-id=\"415c44d3\" data-element_type=\"container\" data-e-type=\"container\">\n\t\t\t\t<div class=\"elementor-element elementor-element-2ce0caf0 elementor-widget elementor-widget-heading\" data-id=\"2ce0caf0\" data-element_type=\"widget\" data-e-type=\"widget\" data-widget_type=\"heading.default\">\n\t\t\t\t<div class=\"elementor-widget-container\">\n\t\t\t\t\t<h2 class=\"elementor-heading-title elementor-size-default\">Spanish<\/h2>\t\t\t\t<\/div>\n\t\t\t\t<\/div>\n\t\t\t\t<div class=\"elementor-element elementor-element-42bbad5f elementor-widget elementor-widget-text-editor\" data-id=\"42bbad5f\" data-element_type=\"widget\" data-e-type=\"widget\" data-widget_type=\"text-editor.default\">\n\t\t\t\t<div class=\"elementor-widget-container\">\n\t\t\t\t\t\t\t\t\t<ul><li><a href=\"https:\/\/azcces.info\/wp-content\/uploads\/2025\/02\/KC-QRC-Initial-Provider-Registration-AZ-0225Sp.pdf\" target=\"_blank\" rel=\"noopener\">C\u00f3mo puedo registrarme en KinderConnect?<\/a><\/li><li><a href=\"https:\/\/azcces.info\/wp-content\/uploads\/2024\/02\/KC-QRC-User-Login-AZ-0224Sp.pdf\" target=\"_blank\" rel=\"noopener\">C\u00f3mo inicio sesi\u00f3n en KinderConnect?<\/a><\/li><li><a href=\"https:\/\/azcces.info\/wp-content\/uploads\/2024\/02\/KC-QRC-Operator-Search-AZ-0224Sp.pdf\" target=\"_blank\" rel=\"noopener\">C\u00f3mo busco a un operador?<\/a><\/li><li><a href=\"https:\/\/azcces.info\/wp-content\/uploads\/2025\/02\/KC-QRC-Sponsor-Search-AZ-0125Sp.pdf\" target=\"_blank\" rel=\"noopener\">C\u00f3mo busco a un adulto responsable?<\/a><\/li><li><a href=\"https:\/\/azcces.info\/wp-content\/uploads\/2024\/02\/KC-QRC-Printing-and-Exporting-Attendance-Data-AZ-0224Sp.pdf\" target=\"_blank\" rel=\"noopener\">C\u00f3mo imprimo y exporto los datos de asistencia?<\/a><\/li><li><a href=\"https:\/\/azcces.info\/wp-content\/uploads\/2024\/02\/KC-QRC-Reset-Password-AZ-0224Sp.pdf\" target=\"_blank\" rel=\"noopener\">C\u00f3mo puedo restablecer mi contrase\u00f1a en KinderConnect?<\/a><\/li><li><a href=\"https:\/\/azcces.info\/wp-content\/uploads\/2025\/01\/KC-QRC-Search-Child-Detail-AZ-0125Sp.pdf\" target=\"_blank\" rel=\"noopener\">C\u00f3mo puedo buscar los detalles del ni\u00f1o?<\/a><\/li><li><a href=\"https:\/\/azcces.info\/wp-content\/uploads\/2025\/02\/KC-QRC-NCRP-Submit-Attendance-AZ-0225Sp.pdf\" target=\"_blank\" rel=\"noopener\">C\u00f3mo someto la asistencia en KinderConnect?<\/a><\/li><li><a href=\"https:\/\/azcces.info\/wp-content\/uploads\/2024\/02\/KC-QRC-View-Cases-Authorizations-AZ-0224Sp.pdf\" target=\"_blank\" rel=\"noopener\">C\u00f3mo puedo ver los casos?<\/a><\/li><li><a href=\"https:\/\/azcces.info\/wp-content\/uploads\/2025\/02\/KC-QRC-Correct-Incomplete-Attendance-AZ-0225Sp.pdf\" target=\"_blank\" rel=\"noopener\">C\u00f3mo puedo corregir la asistencia?<\/a><\/li><li><a href=\"https:\/\/azcces.info\/wp-content\/uploads\/2024\/02\/KC-QRC-Add-or-Edit-Telephone-to-Caretaker-Sponsor-AZ-0224Sp.pdf\" target=\"_blank\" rel=\"noopener\">C\u00f3mo agrego\/edito el n\u00famero de tel\u00e9fono de un adulto responsable?<\/a><\/li><li><a href=\"https:\/\/azcces.info\/wp-content\/uploads\/2024\/02\/KC-QRC-Printing-Provider-Mobile-Sign-In-Sheet-for-KSmart-AZ-0224Sp.pdf\" target=\"_blank\" rel=\"noopener\">C\u00f3mo imprimo la hoja de entrada m\u00f3vil de asistencia del proveedor?<\/a><\/li><li><a href=\"https:\/\/azcces.info\/wp-content\/uploads\/2025\/02\/KC-QRC-Backdating-Attendance-AZ-0225Sp-1.pdf\" target=\"_blank\" rel=\"noopener\">C\u00f3mo puedo ingresar asistencia retroactiva?<\/a><\/li><li><a href=\"https:\/\/azcces.info\/wp-content\/uploads\/2024\/04\/KC-QRC-Operator-Forgets-Password-AZ-0224Sp.pdf\" target=\"_blank\" rel=\"noopener\">C\u00f3mo puedo restablecer mi contrase\u00f1a usando mi correo electr\u00f3nico?<\/a><\/li><li><a href=\"https:\/\/azcces.info\/wp-content\/uploads\/2025\/04\/KC-QRC-View-Transactions-AZ-0224Sp.pdf\" target=\"_blank\" rel=\"noopener\">C\u00f3mo puedo ver y exportar las transacciones de asistencia?<\/a><\/li><li><a href=\"https:\/\/azcces.info\/wp-content\/uploads\/2025\/11\/KC-QRC-Add-Provider-Documents-AZ-1224Sp.pdf\" target=\"_blank\" rel=\"noopener\">C\u00f3mo agrego documentos del proveedor?<\/a><\/li><\/ul>\t\t\t\t\t\t\t\t<\/div>\n\t\t\t\t<\/div>\n\t\t\t\t<\/div>\n\t\t\t\t\t<\/div>\n\t\t\t\t<\/div>\n\t\t\t\t<\/div>\n\t\t","protected":false},"excerpt":{"rendered":"English How do I register for KinderConnect? How do I login to KinderConnect? How do I search for an Operator? How do I search for a Sponsor? How do I print and export attendance data? How can I reset my &hellip; ","protected":false},"author":9,"featured_media":0,"parent":0,"menu_order":0,"comment_status":"closed","ping_status":"closed","template":"elementor_theme","meta":{"footnotes":""},"class_list":["post-4958","page","type-page","status-publish","hentry"],"_links":{"self":[{"href":"https:\/\/azcces.info\/index.php\/wp-json\/wp\/v2\/pages\/4958","targetHints":{"allow":["GET"]}}],"collection":[{"href":"https:\/\/azcces.info\/index.php\/wp-json\/wp\/v2\/pages"}],"about":[{"href":"https:\/\/azcces.info\/index.php\/wp-json\/wp\/v2\/types\/page"}],"author":[{"embeddable":true,"href":"https:\/\/azcces.info\/index.php\/wp-json\/wp\/v2\/users\/9"}],"replies":[{"embeddable":true,"href":"https:\/\/azcces.info\/index.php\/wp-json\/wp\/v2\/comments?post=4958"}],"version-history":[{"count":4,"href":"https:\/\/azcces.info\/index.php\/wp-json\/wp\/v2\/pages\/4958\/revisions"}],"predecessor-version":[{"id":4964,"href":"https:\/\/azcces.info\/index.php\/wp-json\/wp\/v2\/pages\/4958\/revisions\/4964"}],"wp:attachment":[{"href":"https:\/\/azcces.info\/index.php\/wp-json\/wp\/v2\/media?parent=4958"}],"curies":[{"name":"wp","href":"https:\/\/api.w.org\/{rel}","templated":true}]}}